{"id":2261,"date":"2025-10-31T14:59:50","date_gmt":"2025-10-31T13:59:50","guid":{"rendered":"https:\/\/wiltsche.de\/?page_id=2261"},"modified":"2026-04-28T20:05:00","modified_gmt":"2026-04-28T18:05:00","slug":"wilt-trailerloader","status":"publish","type":"page","link":"https:\/\/wiltsche.de\/en\/produkte\/wiltsche-trailerloader\/","title":{"rendered":"WILTSCHE TrailerLoader VL3"},"content":{"rendered":"<h1>WILTSCHE <br \/>TrailerLoader VL3<\/h1>\n<div>\n<p>Ideal f\u00fcr die Be- und Entladung von Fahrzeugen &amp; Containern ohne Rampe. Die robuste TrailerLoader ist einfach man\u00f6vrierbar und l\u00e4sst sich platzsparend auf ein Viertel der ausgezogenen Gr\u00f6\u00dfe einschieben.<\/p>\n<\/div>\n<p><img decoding=\"async\" src=\"\/wp-content\/uploads\/2026\/01\/Photos-DSC07672-2-Trailer-Loader-Photo-HDVL3.jpg\" alt=\"\"><\/p>\n<h1>Effiziente Be- &amp; Entladesystem ohne Rampe<\/h1>\n<div>\n<p>Der TrailerLoader verf\u00fcgt \u00fcber zwei Steuerungen, so dass er von au\u00dferhalb oder innerhalb des Fahrzeugs bedient werden kann. Die Auslegeh\u00f6hen k\u00f6nnen leicht an die Be- bzw. Entladung angepasst werden.<\/p>\n<ul class=\"custom-list\">\n<li>Stufenlose H\u00f6henverstellung\u00a0<\/li>\n<li>Hochbelastbar\u00a0<\/li>\n<li>Variable Geschwindigkeit<\/li>\n<li>Flexibel kombinierbar mit einer angetriebenen oder Gef\u00e4lle-Scherenrollenbahn<\/li>\n<li>Sichere Man\u00f6vrierbarkeit (Lenkrollen mit Bremsen)<\/li>\n<\/ul>\n<\/div>\n<h1>Technische Daten auf einen Blick<\/h1>\n<table>\n<tbody>\n<tr>\n<td>Belastbarkeit<\/td>\n<td>50 kg pro Laufmeter<\/td>\n<\/tr>\n<tr>\n<td>Nennbreite<\/td>\n<td>600 mm<\/td>\n<\/tr>\n<tr>\n<td>Gesamtl\u00e4nge<\/td>\n<td>1000 mm (Vorlaufband) + 3000 mm (Hauptband) + 7500 mm (Flexi)<\/td>\n<\/tr>\n<tr>\n<td>H\u00f6henverstellung<\/td>\n<td>Angepasst an LKWs, Wechselbr\u00fccken und Containern<\/td>\n<\/tr>\n<tr>\n<td>Lenkrollen<\/td>\n<td>200 mm 2x fest + 2x schwenkbar mit Bremsen<\/td>\n<\/tr>\n<\/tbody>\n<\/table>\n<p><p>\n        <a href=\"#konfigurator\">Jetzt konfigurieren<\/a>\n    <\/p>\n<\/p>\n<h1>Erweiterungen &amp; Optionen<\/h1>\n<ul>\n<li>\n<h3>Fotozellen<\/h3>\n<div>\n<p>\u00a0 \u00a0 \u00a0 \u00a0 \u00a0 \u00a0 \u00a0 \u00a0 \u00a0 \u00a0 \u00a0 \u00a0 \u00a0 \u00a0 \u00a0 \u00a0 \u00a0 \u00a0 \u00a0 \u00a0 \u00a0 \u00a0 \u00a0 \u00a0 \u00a0 \u00a0 \u00a0 \u00a0 \u00a0 \u00a0 Verhindert herunterfallen der Packst\u00fccke.\u00a0<\/p>\n<\/div>\n<\/li>\n<li>\n<h3>Variable Geschwindigkeit<\/h3>\n<div>\n<p>bis zu 20 m pro Minute<\/p>\n<\/div>\n<\/li>\n<li>\n<h3>Fahrzeugleuchte an Ladezunge<\/h3>\n<div>\n<p>LEDs<\/p>\n<\/div>\n<\/li>\n<li>\n<h3>Verbindungsb\u00fcgel<\/h3>\n<div>Zum Koppeln weitere Scherenrollenbahnen.<\/div>\n<\/li>\n<li>\n<h3>Elektrohydraulisch einstellbar<\/h3>\n<div>\n<p>F\u00fcr alle LKWs, Wechselbr\u00fccken und Containern<\/p>\n<\/div>\n<\/li>\n<\/ul>\n<h1>Konfigurieren Sie Ihre ma\u00dfgeschneiderte F\u00f6rderl\u00f6sung!<\/h1>\n<div>\n<p>Mit unserem Konfigurator erstellen Sie in wenigen Minuten Ihre individuelle TrailerLoader VL3 \u2013 genau passend f\u00fcr Ihre Anforderungen. W\u00e4hlen Sie Ihre Optionen und erhalten Sie ein unverbindliches Angebot.<\/p>\n<\/div>\n<h1>Noch Fragen?<\/h1>\n<div>\n<p>Falls Sie Unterst\u00fctzung ben\u00f6tigen oder eine pers\u00f6nliche Beratung w\u00fcnschen, erreichen Sie uns jederzeit per Telefon oder per E-Mail. Unser Team hilft Ihnen gerne weiter!<\/p>\n<\/div>\n<ul>\n<li>\n<p>        <img decoding=\"async\" src=\"\/wp-content\/uploads\/2025\/02\/telephone.png\" alt=\"\"><\/p>\n<div><a href=\"tel:+49 2921 349918-0\"><strong>+49 2921 349918-0<\/strong><\/a><\/div>\n<\/li>\n<li>\n<p>        <img decoding=\"async\" src=\"\/wp-content\/uploads\/2025\/02\/paper-plane1.png\" alt=\"\"><\/p>\n<div><a href=\"mailto:info@wiltsche.de\"><strong>info@wiltsche.de<\/strong><\/a><\/div>\n<\/li>\n<\/ul>\n<div>\n<h3>Anfrage &#8211; Konfigurator<\/h3>\n<p>WILTSCHE TrailerLoader VL3 <\/p>\n<div>\n<div class=\"frm_forms  with_frm_style frm_style_sleek-smooth-style\" id=\"frm_form_8_container\" data-token=\"6672864c5bfd155e9c2a15fface2e3bc\">\n<form enctype=\"multipart\/form-data\" method=\"post\" class=\"frm-show-form  frm_ajax_submit  frm_pro_form \" id=\"form_trailerloader-vl3\" data-token=\"6672864c5bfd155e9c2a15fface2e3bc\">\n<div class=\"frm_form_fields  frm_page_num_1\">\n<fieldset>\n<legend class=\"frm_screen_reader\">Formular WILTSCHE TrailerLoader VL3 <\/legend>\r\n\r\n<div class=\"frm_fields_container\">\n<input type=\"hidden\" name=\"frm_action\" value=\"create\" \/>\n<input type=\"hidden\" name=\"form_id\" value=\"8\" \/>\n<input type=\"hidden\" name=\"frm_hide_fields_8\" id=\"frm_hide_fields_8\" value=\"\" \/>\n<input type=\"hidden\" name=\"form_key\" value=\"trailerloader-vl3\" \/>\n<input type=\"hidden\" name=\"item_meta[0]\" value=\"\" \/>\n<input type=\"hidden\" id=\"frm_submit_entry_8\" name=\"frm_submit_entry_8\" value=\"c08311eddd\" \/><input type=\"hidden\" name=\"_wp_http_referer\" value=\"\/en\/wp-json\/wp\/v2\/pages\/2261\" \/><div id=\"frm_field_98_container\" class=\"frm_form_field form-field  frm_required_field frm_none_container\">\r\n\t<label for=\"field_z9xvq32\" id=\"field_z9xvq32_label\" class=\"frm_primary_label\">Ausrichtung\r\n\t\t<span class=\"frm_required\" aria-hidden=\"true\">*<\/span>\r\n\t<\/label>\r\n\t\t\t<select name=\"item_meta[98]\" id=\"field_z9xvq32\"  data-placeholder=\"Ausrichtung\"  placeholder=\"Ausrichtung\" data-reqmsg=\"Ausrichtung kann nicht leer sein.\" aria-required=\"true\" data-invmsg=\"Ausrichtung is invalid\" aria-invalid=\"false\"  >\n\t\t<option  class=\"frm-select-placeholder\" value=\"\" data-placeholder=\"true\">Ausrichtung<\/option><option  value=\"Beladung\">Beladung<\/option><option  value=\"Entladung\">Entladung<\/option>\t<\/select>\n\t\r\n\t\r\n\t\r\n<\/div>\n<div id=\"frm_field_99_container\" class=\"frm_form_field form-field  frm_required_field frm_none_container\">\r\n\t<label for=\"field_xef4x34\" id=\"field_xef4x34_label\" class=\"frm_primary_label\">Optionen\r\n\t\t<span class=\"frm_required\" aria-hidden=\"true\">*<\/span>\r\n\t<\/label>\r\n\t\t\t<select name=\"item_meta[99]\" id=\"field_xef4x34\"  data-placeholder=\"Optionen\"  placeholder=\"Optionen\" data-reqmsg=\"Optionen kann nicht leer sein.\" aria-required=\"true\" data-invmsg=\"Optionen is invalid\" aria-invalid=\"false\"  >\n\t\t<option  class=\"frm-select-placeholder\" value=\"\" data-placeholder=\"true\">Optionen<\/option><option  value=\"Alleinstehend\">Alleinstehend<\/option><option  value=\"Angebunden an eine angetriebene F\u00f6rdertechnik\">Angebunden an eine angetriebene F\u00f6rdertechnik<\/option><option  value=\"Angebunden an eine nicht angetrieben F\u00f6rdertechnik\">Angebunden an eine nicht angetrieben F\u00f6rdertechnik<\/option>\t<\/select>\n\t\r\n\t\r\n\t\r\n<\/div>\n<div id=\"frm_field_100_container\" class=\"frm_form_field form-field  frm_required_field frm_none_container\">\r\n\t<label for=\"field_hzjek34\" id=\"field_hzjek34_label\" class=\"frm_primary_label\">F\u00f6rdergut\r\n\t\t<span class=\"frm_required\" aria-hidden=\"true\">*<\/span>\r\n\t<\/label>\r\n\t\t\t<select name=\"item_meta[100]\" id=\"field_hzjek34\"  data-placeholder=\"F\u00f6rdergut\"  placeholder=\"F\u00f6rdergut\" data-reqmsg=\"F\u00f6rdergut kann nicht leer sein.\" aria-required=\"true\" data-invmsg=\"F\u00f6rdergut is invalid\" aria-invalid=\"false\"  >\n\t\t<option  class=\"frm-select-placeholder\" value=\"\" data-placeholder=\"true\">F\u00f6rdergut<\/option><option  value=\"Karton\">Karton<\/option><option  value=\"KLT\">KLT<\/option>\t<\/select>\n\t\r\n\t\r\n\t\r\n<\/div>\n<div id=\"frm_field_101_container\" class=\"frm_form_field  frm_html_container form-field\">\n<h5 style=\"font-size:16px; margin-top:10px; margin-bottom:5px;\">Abmessungen (Karton) min.<\/h5>\n<\/div>\n<div id=\"frm_field_102_container\" class=\"frm_form_field form-field  frm_required_field frm_none_container frm_first frm_third\">\r\n\t<label for=\"field_205xx34\" id=\"field_205xx34_label\" class=\"frm_primary_label\">L\u00e4nge in mm\r\n\t\t<span class=\"frm_required\" aria-hidden=\"true\">*<\/span>\r\n\t<\/label>\r\n\t<input  type=\"text\" id=\"field_205xx34\" name=\"item_meta[102]\" value=\"\"  placeholder=\"L\u00e4nge in mm\" data-reqmsg=\"L\u00e4nge in mm kann nicht leer sein.\" aria-required=\"true\" data-invmsg=\"L\u00e4nge in mm ist ung\u00fcltig\" aria-invalid=\"false\"   \/>\r\n\t\r\n\t\r\n<\/div>\n<div id=\"frm_field_103_container\" class=\"frm_form_field form-field  frm_required_field frm_none_container frm_third\">\r\n\t<label for=\"field_hd21h34\" id=\"field_hd21h34_label\" class=\"frm_primary_label\">Breite in mm\r\n\t\t<span class=\"frm_required\" aria-hidden=\"true\">*<\/span>\r\n\t<\/label>\r\n\t<input  type=\"text\" id=\"field_hd21h34\" name=\"item_meta[103]\" value=\"\"  placeholder=\"Breite in mm\" data-reqmsg=\"Breite in mm kann nicht leer sein.\" aria-required=\"true\" data-invmsg=\"Breite in mm ist ung\u00fcltig\" aria-invalid=\"false\"   \/>\r\n\t\r\n\t\r\n<\/div>\n<div id=\"frm_field_104_container\" class=\"frm_form_field form-field  frm_required_field frm_none_container frm_third\">\r\n\t<label for=\"field_tycl734\" id=\"field_tycl734_label\" class=\"frm_primary_label\">H\u00f6he in mm\r\n\t\t<span class=\"frm_required\" aria-hidden=\"true\">*<\/span>\r\n\t<\/label>\r\n\t<input  type=\"text\" id=\"field_tycl734\" name=\"item_meta[104]\" value=\"\"  placeholder=\"H\u00f6he in mm\" data-reqmsg=\"H\u00f6he in mm kann nicht leer sein.\" aria-required=\"true\" data-invmsg=\"H\u00f6he in mm ist ung\u00fcltig\" aria-invalid=\"false\"   \/>\r\n\t\r\n\t\r\n<\/div>\n<input type=\"hidden\" name=\"frm_page_order_8\" id=\"frm_page_order_8\" value=\"20\" \/>\t\t<input  type=\"hidden\" name=\"item_meta[106]\" id=\"field_uimdr44\" value=\"\"     \/>\n\t\t\t\t<input  type=\"hidden\" name=\"item_meta[107]\" id=\"field_u0xst44\" value=\"\"     \/>\n\t\t\t\t<input  type=\"hidden\" name=\"item_meta[108]\" id=\"field_pj1ul44\" value=\"\"  autocomplete=\"email\"     \/>\n\t\t\t\t<input  type=\"hidden\" name=\"item_meta[109]\" id=\"field_yx5di44\" value=\"\"     \/>\n\t\t\t\t<input  type=\"hidden\" name=\"item_meta[110]\" id=\"field_oj53t44-0\" value=\"\"     \/>\n\t\t\t\t<input  type=\"hidden\" name=\"item_meta[111]\" id=\"field_senden44\" value=\"\"     \/>\n\t\t\t<input type=\"hidden\" name=\"item_key\" value=\"\" \/>\n\t\t\t<div id=\"frm_field_179_container\">\n\t\t\t<label for=\"field_fkz49\" >\n\t\t\t\tIf you are human, leave this field blank.\t\t\t<\/label>\n\t\t\t<input  id=\"field_fkz49\" type=\"text\" class=\"frm_form_field form-field frm_verify\" name=\"item_meta[179]\" value=\"\"  \/>\n\t\t<\/div>\n\t\t<input name=\"frm_state\" type=\"hidden\" value=\"mdJyiMcf1sLY2KShHkluN3URiPqSYXWKot0iEACTP\/hT1zPg23FNsvHZJAQPLBP4\" \/><div class=\"frm_submit frm_flex\">\r\n<button class=\"frm_button_submit\" type=\"submit\"  >Weiter<\/button>\r\n\r\n\r\n\r\n<\/div><\/div>\n<\/fieldset>\n<\/div>\n\n<\/form>\n<\/div>\n\n<\/div>\n<\/div>\n<p><!--more--><br \/>\n<!-- {\"type\":\"layout\",\"children\":[{\"type\":\"section\",\"props\":{\"image\":\"wp-content\\\/uploads\\\/2025\\\/02\\\/metal-1212115_1920.jpg\",\"image_position\":\"center-center\",\"image_size\":\"cover\",\"media_overlay_gradient\":\"linear-gradient(90deg, rgba(0,0,0,0.35056029247636555) 0%, rgba(0,0,0,0.4766107126444328) 25%, rgba(0,0,0,0) 75%);\",\"padding\":\"small\",\"style\":\"default\",\"title_breakpoint\":\"xl\",\"title_position\":\"top-left\",\"title_rotation\":\"left\",\"vertical_align\":\"middle\",\"width\":\"default\"},\"children\":[{\"type\":\"row\",\"props\":{\"layout\":\"1-2,1-2\"},\"children\":[{\"type\":\"column\",\"props\":{\"image_position\":\"center-center\",\"position_sticky_breakpoint\":\"m\",\"style\":\"card-default\",\"width_medium\":\"1-2\"},\"children\":[{\"type\":\"headline\",\"props\":{\"content\":\"WILTSCHE <br \\\/>TrailerLoader VL3\",\"title_element\":\"h1\"}},{\"type\":\"text\",\"props\":{\"column_breakpoint\":\"m\",\"content\":\"\n\n<p>Ideal f\\u00fcr die Be- und Entladung von Fahrzeugen &amp; Containern ohne Rampe. Die robuste TrailerLoader ist einfach man\\u00f6vrierbar und l\\u00e4sst sich platzsparend auf ein Viertel der ausgezogenen Gr\\u00f6\\u00dfe einschieben.<\\\/p>\",\"margin\":\"default\"}}]},{\"type\":\"column\",\"props\":{\"image_position\":\"center-center\",\"position_sticky_breakpoint\":\"m\",\"vertical_align\":\"bottom\",\"width_medium\":\"1-2\"},\"children\":[{\"type\":\"breadcrumbs\",\"props\":{\"show_current\":true,\"show_home\":true,\"text_align\":\"right\",\"text_align_breakpoint\":\"m\",\"text_align_fallback\":\"left\"}}]}]}]},{\"type\":\"section\",\"props\":{\"image_position\":\"center-center\",\"style\":\"default\",\"title_breakpoint\":\"xl\",\"title_position\":\"top-left\",\"title_rotation\":\"left\",\"vertical_align\":\"middle\",\"width\":\"default\"},\"children\":[{\"type\":\"row\",\"props\":{\"column_gap\":\"large\",\"layout\":\"2-5,3-5\"},\"children\":[{\"type\":\"column\",\"props\":{\"image_position\":\"center-center\",\"position_sticky_breakpoint\":\"m\",\"width_medium\":\"2-5\"},\"children\":[{\"type\":\"image\",\"props\":{\"image\":\"wp-content\\\/uploads\\\/2026\\\/01\\\/Photos-DSC07672-2-Trailer-Loader-Photo-HDVL3.jpg\",\"image_svg_color\":\"emphasis\",\"margin\":\"default\"}}]},{\"type\":\"column\",\"props\":{\"image_position\":\"center-center\",\"position_sticky_breakpoint\":\"m\",\"width_medium\":\"3-5\"},\"children\":[{\"type\":\"headline\",\"props\":{\"content\":\"Effiziente Be- &amp; Entladesystem ohne Rampe\",\"title_element\":\"h1\",\"title_style\":\"h2\"}},{\"type\":\"text\",\"props\":{\"column_breakpoint\":\"m\",\"content\":\"\n\n<p>Der TrailerLoader verf\\u00fcgt \\u00fcber zwei Steuerungen, so dass er von au\\u00dferhalb oder innerhalb des Fahrzeugs bedient werden kann. Die Auslegeh\\u00f6hen k\\u00f6nnen leicht an die Be- bzw. Entladung angepasst werden.<\\\/p>\\n\n\n<ul class=\\\"custom-list\\\">\\n\n\n<li>Stufenlose H\\u00f6henverstellung\\u00a0<\\\/li>\\n\n\n<li>Hochbelastbar\\u00a0<\\\/li>\\n\n\n<li>Variable Geschwindigkeit<\\\/li>\\n\n\n<li>Flexibel kombinierbar mit einer angetriebenen oder Gef\\u00e4lle-Scherenrollenbahn<\\\/li>\\n\n\n<li>Sichere Man\\u00f6vrierbarkeit (Lenkrollen mit Bremsen)<\\\/li>\\n<\\\/ul>\",\"css\":\".custom-list {\\n    list-style: none;\\n    padding: 0;\\n    margin: 0;\\n   \\n    flex-wrap: wrap;\\n    gap: 0px; \\\/* Abstand zwischen den Spalten *\\\/\\n    \\n}\\n\\n.custom-list li {\\n    position: relative;\\n    padding-left: 30px; \\\/* Platz f\\u00fcr das Icon *\\\/\\n    margin-bottom: 8px; \\\/* Abstand zwischen den Punkten *\\\/\\n    \\n    box-sizing: border-box;\\n}\\n\\n.custom-list li::before {\\n    content: \\\"\\\";\\n    position: absolute;\\n    left: 0;\\n    top: 0px;\\n    width: 25px; \\\/* Gr\\u00f6\\u00dfe des Icons *\\\/\\n    height: 25px;\\n    background-image: url('https:\\\/\\\/wiltsche.de\\\/wp-content\\\/uploads\\\/2025\\\/02\\\/check.png');\\n    background-size: contain;\\n    background-repeat: no-repeat;\\n}\",\"margin\":\"default\",\"margin_remove_bottom\":false}},{\"type\":\"headline\",\"props\":{\"content\":\"Technische Daten auf einen Blick\",\"margin_remove_top\":true,\"title_element\":\"h1\",\"title_style\":\"h4\"}},{\"name\":\"Table Size Large Columns Shrink All Center\",\"type\":\"table\",\"children\":[{\"type\":\"table_item\",\"props\":{\"content\":\"\",\"image\":\"\",\"meta\":\"50 kg pro Laufmeter\",\"title\":\"Belastbarkeit\"}},{\"type\":\"table_item\",\"props\":{\"content\":\"\",\"image\":\"\",\"meta\":\"600 mm\",\"title\":\"Nennbreite\"}},{\"type\":\"table_item\",\"props\":{\"content\":\"\",\"image\":\"\",\"meta\":\"1000 mm (Vorlaufband) + 3000 mm (Hauptband) + 7500 mm (Flexi)\",\"title\":\"Gesamtl\\u00e4nge\"}},{\"type\":\"table_item\",\"props\":{\"content\":\"\",\"image\":\"\",\"meta\":\"Angepasst an LKWs, Wechselbr\\u00fccken und Containern\",\"title\":\"H\\u00f6henverstellung\"}},{\"type\":\"table_item\",\"props\":{\"content\":\"\",\"image\":\"\",\"meta\":\"200 mm 2x fest + 2x schwenkbar mit Bremsen\",\"title\":\"Lenkrollen\"}}],\"props\":{\"content_style\":\"text-meta\",\"css\":\".el-element{\\n    border: 1px solid black;\\n}\\n\\n.el-item{\\n    border: 1px solid black;\\n}\\n\\n.el-item td{\\n    border-right: 1px solid black;\\n}\",\"image_svg_color\":\"emphasis\",\"image_width\":\"150\",\"link_style\":\"text\",\"link_text\":\"Details\",\"meta_style\":\"h5\",\"show_content\":false,\"show_image\":false,\"show_link\":false,\"show_meta\":true,\"show_title\":true,\"table_hover\":false,\"table_justify\":false,\"table_last_align\":\"left\",\"table_order\":\"4\",\"table_responsive\":\"overflow\",\"table_style\":\"striped\",\"table_vertical_align\":true,\"table_width_content\":\"shrink\",\"table_width_meta\":\"shrink\",\"table_width_title\":\"shrink\",\"text_align\":\"left\",\"text_align_breakpoint\":\"m\",\"text_align_fallback\":\"center\",\"title_color\":\"emphasis\",\"title_font_family\":\"primary\",\"title_style\":\"h5\"}},{\"type\":\"button\",\"props\":{\"grid_column_gap\":\"small\",\"grid_row_gap\":\"small\",\"margin\":\"medium\"},\"children\":[{\"type\":\"button_item\",\"props\":{\"button_style\":\"default\",\"content\":\"Jetzt konfigurieren\",\"dialog_layout\":\"modal\",\"dialog_offcanvas_flip\":true,\"icon_align\":\"left\",\"link\":\"#konfigurator\"}}]}]}]}]},{\"type\":\"section\",\"props\":{\"css\":\"@media (max-width: 950px) {\\n   .uk-background-norepeat{\\n        padding-top:0px!important;\\n       background-image:none!important;\\n    }\\n}\",\"image\":\"wp-content\\\/uploads\\\/2025\\\/02\\\/metal-1212115_1920.jpg\",\"image_position\":\"center-center\",\"padding\":\"small\",\"style\":\"muted\",\"title_breakpoint\":\"xl\",\"title_position\":\"top-left\",\"title_rotation\":\"left\",\"vertical_align\":\"middle\",\"width\":\"default\"},\"children\":[{\"type\":\"row\",\"children\":[{\"type\":\"column\",\"props\":{\"image_position\":\"center-center\",\"position_sticky_breakpoint\":\"m\"},\"children\":[{\"type\":\"headline\",\"props\":{\"content\":\"Erweiterungen &amp; Optionen\",\"title_element\":\"h1\",\"title_style\":\"h2\"}},{\"type\":\"grid\",\"props\":{\"content_column_breakpoint\":\"m\",\"css\":\".el-item{\\n    border:2px solid #fff;\\n     box-shadow: 0 1px 3px 0 rgba(0,0,0,.18),0 10px 40px -20px rgba(0,0,0,.3);\\n}\\n\\n.el-title{\\n    font-size:16px;\\n   \\n}\\n\\n.el-content{\\n    font-size:14px;\\n}\\n\",\"filter_align\":\"left\",\"filter_all\":true,\"filter_grid_breakpoint\":\"m\",\"filter_grid_width\":\"auto\",\"filter_position\":\"top\",\"filter_style\":\"tab\",\"grid_column_gap\":\"small\",\"grid_default\":\"1\",\"grid_medium\":\"5\",\"grid_small\":\"2\",\"icon_width\":80,\"image_align\":\"top\",\"image_grid_breakpoint\":\"m\",\"image_grid_width\":\"1-2\",\"image_svg_color\":\"emphasis\",\"item_animation\":true,\"lightbox_bg_close\":true,\"link_style\":\"default\",\"link_text\":\"Read more\",\"margin\":\"default\",\"meta_align\":\"below-title\",\"meta_element\":\"div\",\"meta_style\":\"text-meta\",\"panel_padding\":\"small\",\"panel_style\":\"card-default\",\"show_content\":true,\"show_hover_image\":true,\"show_hover_video\":true,\"show_image\":true,\"show_link\":true,\"show_meta\":true,\"show_title\":true,\"show_video\":true,\"title_align\":\"top\",\"title_element\":\"h3\",\"title_grid_breakpoint\":\"m\",\"title_grid_width\":\"1-2\",\"title_hover_style\":\"reset\"},\"children\":[{\"type\":\"grid_item\",\"props\":{\"content\":\"\n\n<p>\\u00a0 \\u00a0 \\u00a0 \\u00a0 \\u00a0 \\u00a0 \\u00a0 \\u00a0 \\u00a0 \\u00a0 \\u00a0 \\u00a0 \\u00a0 \\u00a0 \\u00a0 \\u00a0 \\u00a0 \\u00a0 \\u00a0 \\u00a0 \\u00a0 \\u00a0 \\u00a0 \\u00a0 \\u00a0 \\u00a0 \\u00a0 \\u00a0 \\u00a0 \\u00a0 Verhindert herunterfallen der Packst\\u00fccke.\\u00a0<\\\/p>\",\"title\":\"Fotozellen\"}},{\"type\":\"grid_item\",\"props\":{\"content\":\"\n\n<p>bis zu 20 m pro Minute<\\\/p>\",\"title\":\"Variable Geschwindigkeit\"}},{\"type\":\"grid_item\",\"props\":{\"content\":\"\n\n<p>LEDs<\\\/p>\",\"title\":\"Fahrzeugleuchte an Ladezunge\"}},{\"type\":\"grid_item\",\"props\":{\"content\":\"Zum Koppeln weitere Scherenrollenbahnen.\",\"title\":\"Verbindungsb\\u00fcgel\"}},{\"type\":\"grid_item\",\"props\":{\"content\":\"\n\n<p>F\\u00fcr alle LKWs, Wechselbr\\u00fccken und Containern<\\\/p>\",\"title\":\"Elektrohydraulisch einstellbar\"}}]}]}]}]},{\"type\":\"section\",\"props\":{\"image_position\":\"center-center\",\"preserve_color\":false,\"style\":\"muted\",\"title_breakpoint\":\"xl\",\"title_position\":\"top-left\",\"title_rotation\":\"left\",\"vertical_align\":\"middle\",\"width\":\"default\"},\"children\":[{\"type\":\"row\",\"props\":{\"column_gap\":\"large\",\"layout\":\"1-2,1-2\"},\"children\":[{\"type\":\"column\",\"props\":{\"image_position\":\"center-center\",\"position_sticky_breakpoint\":\"m\",\"width_medium\":\"1-2\"},\"children\":[{\"type\":\"headline\",\"props\":{\"content\":\"Konfigurieren Sie Ihre ma\\u00dfgeschneiderte F\\u00f6rderl\\u00f6sung!\",\"title_element\":\"h1\",\"title_style\":\"h2\"}},{\"type\":\"text\",\"props\":{\"column_breakpoint\":\"m\",\"content\":\"\n\n<p>Mit unserem Konfigurator erstellen Sie in wenigen Minuten Ihre individuelle TrailerLoader VL3 \\u2013 genau passend f\\u00fcr Ihre Anforderungen. W\\u00e4hlen Sie Ihre Optionen und erhalten Sie ein unverbindliches Angebot.<\\\/p>\",\"margin\":\"default\"}},{\"type\":\"headline\",\"props\":{\"content\":\"Noch Fragen?\",\"title_element\":\"h1\",\"title_style\":\"h3\"}},{\"type\":\"text\",\"props\":{\"column_breakpoint\":\"m\",\"content\":\"\n\n<p>Falls Sie Unterst\\u00fctzung ben\\u00f6tigen oder eine pers\\u00f6nliche Beratung w\\u00fcnschen, erreichen Sie uns jederzeit per Telefon oder per E-Mail. Unser Team hilft Ihnen gerne weiter!<\\\/p>\",\"margin\":\"default\"}},{\"type\":\"list\",\"props\":{\"column_breakpoint\":\"m\",\"css\":\".el-content{\\n    font-size:20px;\\n}\",\"icon_width\":\"40\",\"image_align\":\"left\",\"image_svg_color\":\"emphasis\",\"image_vertical_align\":false,\"image_width\":25,\"list_element\":\"ul\",\"list_horizontal_separator\":\", \",\"list_type\":\"vertical\",\"show_image\":true,\"show_link\":true},\"children\":[{\"type\":\"list_item\",\"props\":{\"content\":\"<a href=\\\"tel:+49 2921 349918-0\\\"><strong>+49 2921 349918-0<\\\/strong><\\\/a>\",\"icon\":\"\",\"image\":\"wp-content\\\/uploads\\\/2025\\\/02\\\/telephone.png\"}},{\"type\":\"list_item\",\"props\":{\"content\":\"<a href=\\\"mailto:info@wiltsche.de\\\"><strong>info@wiltsche.de<\\\/strong><\\\/a>\",\"icon\":\"\",\"image\":\"wp-content\\\/uploads\\\/2025\\\/02\\\/paper-plane1.png\"}}],\"name\":\"phone & mail\"}]},{\"type\":\"column\",\"props\":{\"image_position\":\"center-center\",\"position_sticky_breakpoint\":\"m\",\"width_medium\":\"1-2\"},\"children\":[{\"type\":\"panel\",\"props\":{\"content\":\"\n\n<p>[formidable id=8]<\\\/p>\",\"content_column_breakpoint\":\"m\",\"css\":\".el-title, .el-content{\\n    color:#000;\\n}\\n\\n.el-element{\\n    outline:1px solid #000;\\n    background:linear-gradient(301deg, rgba(210,210,210,1) 0%, rgba(238,238,238,1) 50%);\\n    border:10px solid white;\\n}\",\"icon_width\":80,\"id\":\"konfigurator\",\"image_align\":\"top\",\"image_grid_breakpoint\":\"m\",\"image_grid_width\":\"1-2\",\"image_svg_color\":\"emphasis\",\"link_style\":\"default\",\"link_text\":\"Read more\",\"margin\":\"default\",\"meta\":\"WILTSCHE TrailerLoader VL3 \",\"meta_align\":\"below-title\",\"meta_element\":\"div\",\"meta_style\":\"h4\",\"panel_padding\":\"default\",\"panel_style\":\"card-primary\",\"title\":\"Anfrage - Konfigurator\",\"title_align\":\"top\",\"title_element\":\"h3\",\"title_grid_breakpoint\":\"m\",\"title_grid_width\":\"1-2\",\"title_hover_style\":\"reset\",\"title_style\":\"h2\"}}]}]}]}],\"version\":\"4.5.31\"} --><\/p>\n","protected":false},"excerpt":{"rendered":"<p>WILTSCHE TrailerLoader VL3 Ideal f\u00fcr die Be- und Entladung von Fahrzeugen &amp; Containern ohne Rampe. Die robuste TrailerLoader ist einfach man\u00f6vrierbar und l\u00e4sst sich platzsparend auf ein Viertel der ausgezogenen Gr\u00f6\u00dfe einschieben. Effiziente Be- &amp; Entladesystem ohne Rampe Der TrailerLoader verf\u00fcgt \u00fcber zwei Steuerungen, so dass er von au\u00dferhalb oder innerhalb des Fahrzeugs bedient werden [&hellip;]<\/p>\n","protected":false},"author":1,"featured_media":0,"parent":2103,"menu_order":0,"comment_status":"closed","ping_status":"closed","template":"","meta":{"_acf_changed":false,"footnotes":""},"class_list":["post-2261","page","type-page","status-publish","hentry"],"acf":[],"_links":{"self":[{"href":"https:\/\/wiltsche.de\/en\/wp-json\/wp\/v2\/pages\/2261","targetHints":{"allow":["GET"]}}],"collection":[{"href":"https:\/\/wiltsche.de\/en\/wp-json\/wp\/v2\/pages"}],"about":[{"href":"https:\/\/wiltsche.de\/en\/wp-json\/wp\/v2\/types\/page"}],"author":[{"embeddable":true,"href":"https:\/\/wiltsche.de\/en\/wp-json\/wp\/v2\/users\/1"}],"replies":[{"embeddable":true,"href":"https:\/\/wiltsche.de\/en\/wp-json\/wp\/v2\/comments?post=2261"}],"version-history":[{"count":31,"href":"https:\/\/wiltsche.de\/en\/wp-json\/wp\/v2\/pages\/2261\/revisions"}],"predecessor-version":[{"id":3385,"href":"https:\/\/wiltsche.de\/en\/wp-json\/wp\/v2\/pages\/2261\/revisions\/3385"}],"up":[{"embeddable":true,"href":"https:\/\/wiltsche.de\/en\/wp-json\/wp\/v2\/pages\/2103"}],"wp:attachment":[{"href":"https:\/\/wiltsche.de\/en\/wp-json\/wp\/v2\/media?parent=2261"}],"curies":[{"name":"wp","href":"https:\/\/api.w.org\/{rel}","templated":true}]}}