{"id":2259,"date":"2025-10-31T14:59:36","date_gmt":"2025-10-31T13:59:36","guid":{"rendered":"https:\/\/wiltsche.de\/?page_id=2259"},"modified":"2026-04-28T18:49:05","modified_gmt":"2026-04-28T16:49:05","slug":"wiltsche-expressloader","status":"publish","type":"page","link":"https:\/\/wiltsche.de\/en\/produkte\/wiltsche-expressloader\/","title":{"rendered":"WILTSCHE ExpressLoader High"},"content":{"rendered":"<h1>WILTSCHE <br \/>ExpressLoader High<\/h1>\n<div>\n<p>Ideal f\u00fcr die Entladung (ohne Rampe) von Fahrzeugen &amp; Containern. Die robuste Teleskopf\u00f6rderer ist einfach man\u00f6vrierbar und l\u00e4sst sich platzsparend auf ca. ein Drittel der ausgezogenen Gr\u00f6\u00dfe einschieben.<\/p>\n<\/div>\n<p><img decoding=\"async\" src=\"\/wp-content\/uploads\/2025\/11\/HRTE-HRET-VIEW-2.png\" alt=\"\"><\/p>\n<h1>Effiziente F\u00f6rderl\u00f6sung f\u00fcr maximale Flexibilit\u00e4t<\/h1>\n<div>\n<p>Unser Gef\u00e4lle-Rollenteleskopf\u00f6rderer reduziert die Zeiten f\u00fcr die Belade- und Entlade-Vorg\u00e4nge. Stahl<br \/>Au\u00dfenprofile mit 60 mm x 30 mm verst\u00e4rktem Rahmen sind pulverbeschichtet in blau. Die PVC<br \/>F\u00f6rderrollen haben einen Durchmesser von 50 mm und eine Ladekapazit\u00e4t von 50 kg pro laufendem <br \/>Meter. Der F\u00f6rderer verf\u00fcgt \u00fcber 50 mm Durchmesser stahlverzinkte Rollen am Ladepunkt und 20 mm Durchmesser stahlverzinkte Rollen auf den Transferbereichen, welche zus\u00e4tzlich verst\u00e4rkt und mit <br \/>Doppelrollen best\u00fcckt sind. Zudem steht die Konstruktion auf 150 mm Schwenkrollen mit Bremsen.<\/p>\n<ul class=\"custom-list\">\n<li>Nennbreite 600 mm<\/li>\n<li>Ladeh\u00f6he 1050 mm \u2013 1400 mm<\/li>\n<li>Abnahmeh\u00f6he 780 &#8211; 1000 mm<\/li>\n<li>Tragf\u00e4higkeit 50 kg pro Laufmeter<\/li>\n<li>Gesamtl\u00e4nge ausgezogen (13.500 mm + 3000 mm Endbahn)<\/li>\n<li>Gesamtl\u00e4nge eingeschoben (4500 mm + 3000 mm Endbahn)<\/li>\n<li>Flexibel kombinierbar (Verbindungsb\u00fcgel f\u00fcr ein Scherenrollenbahn)<\/li>\n<li>Sichere Man\u00f6vrierbarkeit (Lenkrollen mit Bremsen)<\/li>\n<\/ul>\n<\/div>\n<h1>Technische Daten auf einen Blick<\/h1>\n<table>\n<tbody>\n<tr>\n<td>Belastbarkeit<\/td>\n<td>50 kg pro Laufmeter<\/td>\n<\/tr>\n<tr>\n<td>Breite<\/td>\n<td>600 mm<\/td>\n<\/tr>\n<tr>\n<td>Rollenteilung<\/td>\n<td>65 mm (75 mm auf Gef\u00e4lle-Endbahn)<\/td>\n<\/tr>\n<tr>\n<td>Ladeh\u00f6he<\/td>\n<td>1050 mm &#8211; 1400 mm<\/td>\n<\/tr>\n<tr>\n<td>Abnahmeh\u00f6he<\/td>\n<td>780 mm &#8211; 1000 mm<\/td>\n<\/tr>\n<\/tbody>\n<\/table>\n<p><p>\n        <a href=\"#konfigurator\">Jetzt konfigurieren<\/a>\n    <\/p>\n<\/p>\n<h1>Erweiterungen &amp; Optionen<\/h1>\n<ul>\n<li>\n<h3>Endanschlag<\/h3>\n<div>\n<p>Verhindert Herunterfallen der Packst\u00fccke. Kann abgesenkt werden.<\/p>\n<\/div>\n<\/li>\n<li>\n<h3>F\u00f6rderrollen<\/h3>\n<div>\n<p>Der F\u00f6rderer verf\u00fcgt \u00fcber 50 mm Durchmesser stahlverzinkte Rollen am Ladepunkt und 20 mm Durchmesser stahlverzinkte Rollen auf den Transferbereichen, welche zus\u00e4tzlich verst\u00e4rkt und mit Doppelrollen best\u00fcckt sind.<\/p>\n<\/div>\n<\/li>\n<li>\n<h3>Rollenteilung<\/h3>\n<div>\n<p>65 mm (75 mm auf Gef\u00e4lle-Endbahn)<\/p>\n<\/div>\n<\/li>\n<li>\n<h3>Verbindungsb\u00fcgel<\/h3>\n<div>\n<p>\u00a0Zum Koppeln mehrerer Bahnen.<\/p>\n<\/div>\n<\/li>\n<li>\n<h3>Gr\u00f6\u00dfere Lenkrollen<\/h3>\n<div>\n<p>Bessere Mobilit\u00e4t auf 200 mm Schwenkrollen mit Bremsen.<\/p>\n<\/div>\n<\/li>\n<\/ul>\n<h1>Konfigurieren Sie Ihre ma\u00dfgeschneiderte F\u00f6rderl\u00f6sung!<\/h1>\n<div>\n<p>Mit unserem Konfigurator erstellen Sie in wenigen Minuten Ihre individuelle WILTSCHE ExpressLoader High\u00a0\u2013 genau passend f\u00fcr Ihre Anforderungen. W\u00e4hlen Sie Ihre Ma\u00dfe, Tragf\u00e4higkeit und zus\u00e4tzliche Optionen und erhalten Sie ein unverbindliches Angebot.<\/p>\n<\/div>\n<h1>Noch Fragen?<\/h1>\n<div>\n<p>Falls Sie Unterst\u00fctzung ben\u00f6tigen oder eine pers\u00f6nliche Beratung w\u00fcnschen, erreichen Sie uns jederzeit per Telefon oder per E-Mail. Unser Team hilft Ihnen gerne weiter!<\/p>\n<\/div>\n<ul>\n<li>\n<p>        <img decoding=\"async\" src=\"\/wp-content\/uploads\/2025\/02\/telephone.png\" alt=\"\"><\/p>\n<div><a href=\"tel:+49 2921 349918-0\"><strong>+49 2921 349918-0<\/strong><\/a><\/div>\n<\/li>\n<li>\n<p>        <img decoding=\"async\" src=\"\/wp-content\/uploads\/2025\/02\/paper-plane1.png\" alt=\"\"><\/p>\n<div><a href=\"mailto:info@wiltsche.de\"><strong>info@wiltsche.de<\/strong><\/a><\/div>\n<\/li>\n<\/ul>\n<div>\n<h3>Anfrage &#8211; Konfigurator<\/h3>\n<p>WILTSCHE ExpressLoader High<\/p>\n<div>\n<div class=\"frm_forms  with_frm_style frm_style_sleek-smooth-style\" id=\"frm_form_7_container\" data-token=\"6672864c5bfd155e9c2a15fface2e3bc\">\n<form enctype=\"multipart\/form-data\" method=\"post\" class=\"frm-show-form  frm_ajax_submit  frm_pro_form \" id=\"form_expressloader-high\" data-token=\"6672864c5bfd155e9c2a15fface2e3bc\">\n<div class=\"frm_form_fields  frm_page_num_1\">\n<fieldset>\n<legend class=\"frm_screen_reader\">Formular WILTSCHE ExpressLoader High<\/legend>\r\n\r\n<div class=\"frm_fields_container\">\n<input type=\"hidden\" name=\"frm_action\" value=\"create\" \/>\n<input type=\"hidden\" name=\"form_id\" value=\"7\" \/>\n<input type=\"hidden\" name=\"frm_hide_fields_7\" id=\"frm_hide_fields_7\" value=\"\" \/>\n<input type=\"hidden\" name=\"form_key\" value=\"expressloader-high\" \/>\n<input type=\"hidden\" name=\"item_meta[0]\" value=\"\" \/>\n<input type=\"hidden\" id=\"frm_submit_entry_7\" name=\"frm_submit_entry_7\" value=\"c08311eddd\" \/><input type=\"hidden\" name=\"_wp_http_referer\" value=\"\/en\/wp-json\/wp\/v2\/pages\/2259\" \/><div id=\"frm_field_177_container\" class=\"frm_form_field form-field  frm_required_field frm_none_container\">\n\t<label for=\"field_xo2g\" id=\"field_xo2g_label\" class=\"frm_primary_label\">Ausrichtung\n\t\t<span class=\"frm_required\" aria-hidden=\"true\">*<\/span>\n\t<\/label>\n\t\t\t<select name=\"item_meta[177]\" id=\"field_xo2g\"  data-placeholder=\"Ausrichtung\"  placeholder=\"Ausrichtung\" data-reqmsg=\"Ausrichtung kann nicht leer sein.\" aria-required=\"true\" data-invmsg=\"Ausrichtung is invalid\" aria-invalid=\"false\"  >\n\t\t<option  class=\"frm-select-placeholder\" value=\"\" data-placeholder=\"true\">Ausrichtung<\/option><option  value=\"Beladung\">Beladung<\/option><option  value=\"Entladung\">Entladung<\/option>\t<\/select>\n\t\n\t\n\t\n<\/div>\n<div id=\"frm_field_82_container\" class=\"frm_form_field form-field  frm_required_field frm_none_container\">\r\n\t<label for=\"field_xef4x33\" id=\"field_xef4x33_label\" class=\"frm_primary_label\">Optionen\r\n\t\t<span class=\"frm_required\" aria-hidden=\"true\">*<\/span>\r\n\t<\/label>\r\n\t\t\t<select name=\"item_meta[82]\" id=\"field_xef4x33\"  data-placeholder=\"Optionen\"  placeholder=\"Optionen\" data-reqmsg=\"Optionen kann nicht leer sein.\" aria-required=\"true\" data-invmsg=\"Optionen is invalid\" aria-invalid=\"false\"  >\n\t\t<option  class=\"frm-select-placeholder\" value=\"\" data-placeholder=\"true\">Optionen<\/option><option  value=\"Alleinstehend\">Alleinstehend<\/option><option  value=\"Angebunden an eine angetriebene F\u00f6rdertechnik\">Angebunden an eine angetriebene F\u00f6rdertechnik<\/option><option  value=\"Angebunden an eine nicht angetrieben F\u00f6rdertechnik\">Angebunden an eine nicht angetrieben F\u00f6rdertechnik<\/option>\t<\/select>\n\t\r\n\t\r\n\t\r\n<\/div>\n<div id=\"frm_field_83_container\" class=\"frm_form_field form-field  frm_required_field frm_none_container\">\r\n\t<label for=\"field_hzjek33\" id=\"field_hzjek33_label\" class=\"frm_primary_label\">F\u00f6rdergut\r\n\t\t<span class=\"frm_required\" aria-hidden=\"true\">*<\/span>\r\n\t<\/label>\r\n\t\t\t<select name=\"item_meta[83]\" id=\"field_hzjek33\"  data-placeholder=\"F\u00f6rdergut\"  placeholder=\"F\u00f6rdergut\" data-reqmsg=\"F\u00f6rdergut kann nicht leer sein.\" aria-required=\"true\" data-invmsg=\"F\u00f6rdergut is invalid\" aria-invalid=\"false\"  >\n\t\t<option  class=\"frm-select-placeholder\" value=\"\" data-placeholder=\"true\">F\u00f6rdergut<\/option><option  value=\"Karton\">Karton<\/option><option  value=\"KLT\">KLT<\/option>\t<\/select>\n\t\r\n\t\r\n\t\r\n<\/div>\n<div id=\"frm_field_84_container\" class=\"frm_form_field  frm_html_container form-field\">\n<h5 style=\"font-size:16px; margin-top:10px; margin-bottom:5px;\">Abmessungen (Karton) min.<\/h5>\n<\/div>\n<div id=\"frm_field_85_container\" class=\"frm_form_field form-field  frm_required_field frm_none_container frm_first frm_third\">\r\n\t<label for=\"field_205xx33\" id=\"field_205xx33_label\" class=\"frm_primary_label\">L\u00e4nge in mm\r\n\t\t<span class=\"frm_required\" aria-hidden=\"true\">*<\/span>\r\n\t<\/label>\r\n\t<input  type=\"text\" id=\"field_205xx33\" name=\"item_meta[85]\" value=\"\"  placeholder=\"L\u00e4nge in mm\" data-reqmsg=\"L\u00e4nge in mm kann nicht leer sein.\" aria-required=\"true\" data-invmsg=\"L\u00e4nge in mm ist ung\u00fcltig\" aria-invalid=\"false\"   \/>\r\n\t\r\n\t\r\n<\/div>\n<div id=\"frm_field_86_container\" class=\"frm_form_field form-field  frm_required_field frm_none_container frm_third\">\r\n\t<label for=\"field_hd21h33\" id=\"field_hd21h33_label\" class=\"frm_primary_label\">Breite in mm\r\n\t\t<span class=\"frm_required\" aria-hidden=\"true\">*<\/span>\r\n\t<\/label>\r\n\t<input  type=\"text\" id=\"field_hd21h33\" name=\"item_meta[86]\" value=\"\"  placeholder=\"Breite in mm\" data-reqmsg=\"Breite in mm kann nicht leer sein.\" aria-required=\"true\" data-invmsg=\"Breite in mm ist ung\u00fcltig\" aria-invalid=\"false\"   \/>\r\n\t\r\n\t\r\n<\/div>\n<div id=\"frm_field_87_container\" class=\"frm_form_field form-field  frm_required_field frm_none_container frm_third\">\r\n\t<label for=\"field_tycl733\" id=\"field_tycl733_label\" class=\"frm_primary_label\">H\u00f6he in mm\r\n\t\t<span class=\"frm_required\" aria-hidden=\"true\">*<\/span>\r\n\t<\/label>\r\n\t<input  type=\"text\" id=\"field_tycl733\" name=\"item_meta[87]\" value=\"\"  placeholder=\"H\u00f6he in mm\" data-reqmsg=\"H\u00f6he in mm kann nicht leer sein.\" aria-required=\"true\" data-invmsg=\"H\u00f6he in mm ist ung\u00fcltig\" aria-invalid=\"false\"   \/>\r\n\t\r\n\t\r\n<\/div>\n<input type=\"hidden\" name=\"frm_page_order_7\" id=\"frm_page_order_7\" value=\"16\" \/>\t\t<input  type=\"hidden\" name=\"item_meta[89]\" id=\"field_uimdr43\" value=\"\"     \/>\n\t\t\t\t<input  type=\"hidden\" name=\"item_meta[90]\" id=\"field_u0xst43\" value=\"\"     \/>\n\t\t\t\t<input  type=\"hidden\" name=\"item_meta[91]\" id=\"field_pj1ul43\" value=\"\"  autocomplete=\"email\"     \/>\n\t\t\t\t<input  type=\"hidden\" name=\"item_meta[92]\" id=\"field_yx5di43\" value=\"\"     \/>\n\t\t\t\t<input  type=\"hidden\" name=\"item_meta[93]\" id=\"field_oj53t43-0\" value=\"\"     \/>\n\t\t\t\t<input  type=\"hidden\" name=\"item_meta[94]\" id=\"field_senden43\" value=\"\"     \/>\n\t\t\t<input type=\"hidden\" name=\"item_key\" value=\"\" \/>\n\t\t\t<div id=\"frm_field_179_container\">\n\t\t\t<label for=\"field_6a8vg\" >\n\t\t\t\tIf you are human, leave this field blank.\t\t\t<\/label>\n\t\t\t<input  id=\"field_6a8vg\" type=\"text\" class=\"frm_form_field form-field frm_verify\" name=\"item_meta[179]\" value=\"\"  \/>\n\t\t<\/div>\n\t\t<input name=\"frm_state\" type=\"hidden\" value=\"mdJyiMcf1sLY2KShHkluN+dWyhQC1bQA59qra5dLqglT1zPg23FNsvHZJAQPLBP4\" \/><div class=\"frm_submit frm_flex\">\r\n<button class=\"frm_button_submit\" type=\"submit\"  >Weiter<\/button>\r\n\r\n\r\n\r\n<\/div><\/div>\n<\/fieldset>\n<\/div>\n\n<\/form>\n<\/div>\n\n<\/div>\n<\/div>\n<p><!--more--><br \/>\n<!-- {\"type\":\"layout\",\"children\":[{\"type\":\"section\",\"props\":{\"image\":\"wp-content\\\/uploads\\\/2025\\\/02\\\/metal-1212115_1920.jpg\",\"image_position\":\"center-center\",\"image_size\":\"cover\",\"media_overlay_gradient\":\"linear-gradient(90deg, rgba(0,0,0,0.35056029247636555) 0%, rgba(0,0,0,0.4766107126444328) 25%, rgba(0,0,0,0) 75%);\",\"padding\":\"small\",\"style\":\"default\",\"title_breakpoint\":\"xl\",\"title_position\":\"top-left\",\"title_rotation\":\"left\",\"vertical_align\":\"middle\",\"width\":\"default\"},\"children\":[{\"type\":\"row\",\"props\":{\"layout\":\"1-2,1-2\"},\"children\":[{\"type\":\"column\",\"props\":{\"image_position\":\"center-center\",\"position_sticky_breakpoint\":\"m\",\"style\":\"card-default\",\"width_medium\":\"1-2\"},\"children\":[{\"type\":\"headline\",\"props\":{\"content\":\"WILTSCHE <br \\\/>ExpressLoader High\",\"title_element\":\"h1\"}},{\"type\":\"text\",\"props\":{\"column_breakpoint\":\"m\",\"content\":\"\n\n<p>Ideal f\\u00fcr die Entladung (ohne Rampe) von Fahrzeugen &amp; Containern. Die robuste Teleskopf\\u00f6rderer ist einfach man\\u00f6vrierbar und l\\u00e4sst sich platzsparend auf ca. ein Drittel der ausgezogenen Gr\\u00f6\\u00dfe einschieben.<\\\/p>\",\"margin\":\"default\"}}]},{\"type\":\"column\",\"props\":{\"image_position\":\"center-center\",\"position_sticky_breakpoint\":\"m\",\"vertical_align\":\"bottom\",\"width_medium\":\"1-2\"},\"children\":[{\"type\":\"breadcrumbs\",\"props\":{\"show_current\":true,\"show_home\":true,\"text_align\":\"right\",\"text_align_breakpoint\":\"m\",\"text_align_fallback\":\"left\"}}]}]}]},{\"type\":\"section\",\"props\":{\"image_position\":\"center-center\",\"style\":\"default\",\"title_breakpoint\":\"xl\",\"title_position\":\"top-left\",\"title_rotation\":\"left\",\"vertical_align\":\"middle\",\"width\":\"default\"},\"children\":[{\"type\":\"row\",\"props\":{\"column_gap\":\"large\",\"layout\":\"2-5,3-5\"},\"children\":[{\"type\":\"column\",\"props\":{\"image_position\":\"center-center\",\"position_sticky_breakpoint\":\"m\",\"width_medium\":\"2-5\"},\"children\":[{\"type\":\"image\",\"props\":{\"image\":\"wp-content\\\/uploads\\\/2025\\\/11\\\/HRTE-HRET-VIEW-2.png\",\"image_svg_color\":\"emphasis\",\"margin\":\"default\"}}]},{\"type\":\"column\",\"props\":{\"image_position\":\"center-center\",\"position_sticky_breakpoint\":\"m\",\"width_medium\":\"3-5\"},\"children\":[{\"type\":\"headline\",\"props\":{\"content\":\"Effiziente F\\u00f6rderl\\u00f6sung f\\u00fcr maximale Flexibilit\\u00e4t\",\"title_element\":\"h1\",\"title_style\":\"h2\"}},{\"type\":\"text\",\"props\":{\"column_breakpoint\":\"m\",\"content\":\"\n\n<p>Unser Gef\\u00e4lle-Rollenteleskopf\\u00f6rderer reduziert die Zeiten f\\u00fcr die Belade- und Entlade-Vorg\\u00e4nge. Stahl<br \\\/>Au\\u00dfenprofile mit 60 mm x 30 mm verst\\u00e4rktem Rahmen sind pulverbeschichtet in blau. Die PVC<br \\\/>F\\u00f6rderrollen haben einen Durchmesser von 50 mm und eine Ladekapazit\\u00e4t von 50 kg pro laufendem <br \\\/>Meter. Der F\\u00f6rderer verf\\u00fcgt \\u00fcber 50 mm Durchmesser stahlverzinkte Rollen am Ladepunkt und 20 mm Durchmesser stahlverzinkte Rollen auf den Transferbereichen, welche zus\\u00e4tzlich verst\\u00e4rkt und mit <br \\\/>Doppelrollen best\\u00fcckt sind. Zudem steht die Konstruktion auf 150 mm Schwenkrollen mit Bremsen.<\\\/p>\\n\n\n<ul class=\\\"custom-list\\\">\\n\n\n<li>Nennbreite 600 mm<\\\/li>\\n\n\n<li>Ladeh\\u00f6he 1050 mm \\u2013 1400 mm<\\\/li>\\n\n\n<li>Abnahmeh\\u00f6he 780 - 1000 mm<\\\/li>\\n\n\n<li>Tragf\\u00e4higkeit 50 kg pro Laufmeter<\\\/li>\\n\n\n<li>Gesamtl\\u00e4nge ausgezogen (13.500 mm + 3000 mm Endbahn)<\\\/li>\\n\n\n<li>Gesamtl\\u00e4nge eingeschoben (4500 mm + 3000 mm Endbahn)<\\\/li>\\n\n\n<li>Flexibel kombinierbar (Verbindungsb\\u00fcgel f\\u00fcr ein Scherenrollenbahn)<\\\/li>\\n\n\n<li>Sichere Man\\u00f6vrierbarkeit (Lenkrollen mit Bremsen)<\\\/li>\\n<\\\/ul>\",\"css\":\".custom-list {\\n    list-style: none;\\n    padding: 0;\\n    margin: 0;\\n   \\n    flex-wrap: wrap;\\n    gap: 0px; \\\/* Abstand zwischen den Spalten *\\\/\\n    \\n}\\n\\n.custom-list li {\\n    position: relative;\\n    padding-left: 30px; \\\/* Platz f\\u00fcr das Icon *\\\/\\n    margin-bottom: 8px; \\\/* Abstand zwischen den Punkten *\\\/\\n    \\n    box-sizing: border-box;\\n}\\n\\n.custom-list li::before {\\n    content: \\\"\\\";\\n    position: absolute;\\n    left: 0;\\n    top: 0px;\\n    width: 25px; \\\/* Gr\\u00f6\\u00dfe des Icons *\\\/\\n    height: 25px;\\n    background-image: url('https:\\\/\\\/wiltsche.de\\\/wp-content\\\/uploads\\\/2025\\\/02\\\/check.png');\\n    background-size: contain;\\n    background-repeat: no-repeat;\\n}\",\"margin\":\"default\",\"margin_remove_bottom\":false}},{\"type\":\"headline\",\"props\":{\"content\":\"Technische Daten auf einen Blick\",\"margin_remove_top\":true,\"title_element\":\"h1\",\"title_style\":\"h4\"}},{\"name\":\"Table Size Large Columns Shrink All Center\",\"type\":\"table\",\"children\":[{\"type\":\"table_item\",\"props\":{\"content\":\"\",\"image\":\"\",\"meta\":\"50 kg pro Laufmeter\",\"title\":\"Belastbarkeit\"}},{\"type\":\"table_item\",\"props\":{\"content\":\"\",\"image\":\"\",\"meta\":\"600 mm\",\"title\":\"Breite\"}},{\"type\":\"table_item\",\"props\":{\"content\":\"\",\"image\":\"\",\"meta\":\"65 mm (75 mm auf Gef\\u00e4lle-Endbahn)\",\"title\":\"Rollenteilung\"}},{\"type\":\"table_item\",\"props\":{\"content\":\"\",\"image\":\"\",\"meta\":\"1050 mm - 1400 mm\",\"title\":\"Ladeh\\u00f6he\"}},{\"type\":\"table_item\",\"props\":{\"content\":\"\",\"image\":\"\",\"meta\":\"780 mm - 1000 mm\",\"title\":\"Abnahmeh\\u00f6he\"}}],\"props\":{\"content_style\":\"text-meta\",\"css\":\".el-element{\\n    border: 1px solid black;\\n}\\n\\n.el-item{\\n    border: 1px solid black;\\n}\\n\\n.el-item td{\\n    border-right: 1px solid black;\\n}\",\"image_svg_color\":\"emphasis\",\"image_width\":\"150\",\"link_style\":\"text\",\"link_text\":\"Details\",\"meta_style\":\"h5\",\"show_content\":false,\"show_image\":false,\"show_link\":false,\"show_meta\":true,\"show_title\":true,\"table_hover\":false,\"table_justify\":false,\"table_last_align\":\"left\",\"table_order\":\"4\",\"table_responsive\":\"overflow\",\"table_style\":\"striped\",\"table_vertical_align\":true,\"table_width_content\":\"shrink\",\"table_width_meta\":\"shrink\",\"table_width_title\":\"shrink\",\"text_align\":\"left\",\"text_align_breakpoint\":\"m\",\"text_align_fallback\":\"center\",\"title_color\":\"emphasis\",\"title_font_family\":\"primary\",\"title_style\":\"h5\"}},{\"type\":\"button\",\"props\":{\"grid_column_gap\":\"small\",\"grid_row_gap\":\"small\",\"margin\":\"medium\"},\"children\":[{\"type\":\"button_item\",\"props\":{\"button_style\":\"default\",\"content\":\"Jetzt konfigurieren\",\"dialog_layout\":\"modal\",\"dialog_offcanvas_flip\":true,\"icon_align\":\"left\",\"link\":\"#konfigurator\"}}]}]}]}]},{\"type\":\"section\",\"props\":{\"css\":\"@media (max-width: 950px) {\\n   .uk-background-norepeat{\\n        padding-top:0px!important;\\n       background-image:none!important;\\n    }\\n}\",\"image\":\"wp-content\\\/uploads\\\/2025\\\/02\\\/metal-1212115_1920.jpg\",\"image_position\":\"center-center\",\"padding\":\"small\",\"style\":\"muted\",\"title_breakpoint\":\"xl\",\"title_position\":\"top-left\",\"title_rotation\":\"left\",\"vertical_align\":\"middle\",\"width\":\"default\"},\"children\":[{\"type\":\"row\",\"children\":[{\"type\":\"column\",\"props\":{\"image_position\":\"center-center\",\"position_sticky_breakpoint\":\"m\"},\"children\":[{\"type\":\"headline\",\"props\":{\"content\":\"Erweiterungen &amp; Optionen\",\"title_element\":\"h1\",\"title_style\":\"h2\"}},{\"type\":\"grid\",\"props\":{\"content_column_breakpoint\":\"m\",\"css\":\".el-item{\\n    border:2px solid #fff;\\n     box-shadow: 0 1px 3px 0 rgba(0,0,0,.18),0 10px 40px -20px rgba(0,0,0,.3);\\n}\\n\\n.el-title{\\n    font-size:16px;\\n   \\n}\\n\\n.el-content{\\n    font-size:14px;\\n}\\n\",\"filter_align\":\"left\",\"filter_all\":true,\"filter_grid_breakpoint\":\"m\",\"filter_grid_width\":\"auto\",\"filter_position\":\"top\",\"filter_style\":\"tab\",\"grid_column_gap\":\"small\",\"grid_default\":\"1\",\"grid_medium\":\"5\",\"grid_small\":\"2\",\"icon_width\":80,\"image_align\":\"top\",\"image_grid_breakpoint\":\"m\",\"image_grid_width\":\"1-2\",\"image_svg_color\":\"emphasis\",\"item_animation\":true,\"lightbox_bg_close\":true,\"link_style\":\"default\",\"link_text\":\"Read more\",\"margin\":\"default\",\"meta_align\":\"below-title\",\"meta_element\":\"div\",\"meta_style\":\"text-meta\",\"panel_padding\":\"small\",\"panel_style\":\"card-default\",\"show_content\":true,\"show_hover_image\":true,\"show_hover_video\":true,\"show_image\":true,\"show_link\":true,\"show_meta\":true,\"show_title\":true,\"show_video\":true,\"title_align\":\"top\",\"title_element\":\"h3\",\"title_grid_breakpoint\":\"m\",\"title_grid_width\":\"1-2\",\"title_hover_style\":\"reset\"},\"children\":[{\"type\":\"grid_item\",\"props\":{\"content\":\"\n\n<p>Verhindert Herunterfallen der Packst\\u00fccke. Kann abgesenkt werden.<\\\/p>\",\"title\":\"Endanschlag\"}},{\"type\":\"grid_item\",\"props\":{\"content\":\"\n\n<p>Der F\\u00f6rderer verf\\u00fcgt \\u00fcber 50 mm Durchmesser stahlverzinkte Rollen am Ladepunkt und 20 mm Durchmesser stahlverzinkte Rollen auf den Transferbereichen, welche zus\\u00e4tzlich verst\\u00e4rkt und mit Doppelrollen best\\u00fcckt sind.<\\\/p>\",\"title\":\"F\\u00f6rderrollen\"}},{\"type\":\"grid_item\",\"props\":{\"content\":\"\n\n<p>65 mm (75 mm auf Gef\\u00e4lle-Endbahn)<\\\/p>\",\"title\":\"Rollenteilung\"}},{\"type\":\"grid_item\",\"props\":{\"content\":\"\n\n<p>\\u00a0Zum Koppeln mehrerer Bahnen.<\\\/p>\",\"title\":\"Verbindungsb\\u00fcgel\"}},{\"type\":\"grid_item\",\"props\":{\"content\":\"\n\n<p>Bessere Mobilit\\u00e4t auf 200 mm Schwenkrollen mit Bremsen.<\\\/p>\",\"title\":\"Gr\\u00f6\\u00dfere Lenkrollen\"}}]}]}]}]},{\"type\":\"section\",\"props\":{\"image_position\":\"center-center\",\"preserve_color\":false,\"style\":\"muted\",\"title_breakpoint\":\"xl\",\"title_position\":\"top-left\",\"title_rotation\":\"left\",\"vertical_align\":\"middle\",\"width\":\"default\"},\"children\":[{\"type\":\"row\",\"props\":{\"column_gap\":\"large\",\"layout\":\"1-2,1-2\"},\"children\":[{\"type\":\"column\",\"props\":{\"image_position\":\"center-center\",\"position_sticky_breakpoint\":\"m\",\"width_medium\":\"1-2\"},\"children\":[{\"type\":\"headline\",\"props\":{\"content\":\"Konfigurieren Sie Ihre ma\\u00dfgeschneiderte F\\u00f6rderl\\u00f6sung!\",\"title_element\":\"h1\",\"title_style\":\"h2\"}},{\"type\":\"text\",\"props\":{\"column_breakpoint\":\"m\",\"content\":\"\n\n<p>Mit unserem Konfigurator erstellen Sie in wenigen Minuten Ihre individuelle WILTSCHE ExpressLoader High\\u00a0\\u2013 genau passend f\\u00fcr Ihre Anforderungen. W\\u00e4hlen Sie Ihre Ma\\u00dfe, Tragf\\u00e4higkeit und zus\\u00e4tzliche Optionen und erhalten Sie ein unverbindliches Angebot.<\\\/p>\",\"margin\":\"default\"}},{\"type\":\"headline\",\"props\":{\"content\":\"Noch Fragen?\",\"title_element\":\"h1\",\"title_style\":\"h3\"}},{\"type\":\"text\",\"props\":{\"column_breakpoint\":\"m\",\"content\":\"\n\n<p>Falls Sie Unterst\\u00fctzung ben\\u00f6tigen oder eine pers\\u00f6nliche Beratung w\\u00fcnschen, erreichen Sie uns jederzeit per Telefon oder per E-Mail. Unser Team hilft Ihnen gerne weiter!<\\\/p>\",\"margin\":\"default\"}},{\"type\":\"list\",\"props\":{\"column_breakpoint\":\"m\",\"css\":\".el-content{\\n    font-size:20px;\\n}\",\"icon_width\":\"40\",\"image_align\":\"left\",\"image_svg_color\":\"emphasis\",\"image_vertical_align\":false,\"image_width\":25,\"list_element\":\"ul\",\"list_horizontal_separator\":\", \",\"list_type\":\"vertical\",\"show_image\":true,\"show_link\":true},\"children\":[{\"type\":\"list_item\",\"props\":{\"content\":\"<a href=\\\"tel:+49 2921 349918-0\\\"><strong>+49 2921 349918-0<\\\/strong><\\\/a>\",\"icon\":\"\",\"image\":\"wp-content\\\/uploads\\\/2025\\\/02\\\/telephone.png\"}},{\"type\":\"list_item\",\"props\":{\"content\":\"<a href=\\\"mailto:info@wiltsche.de\\\"><strong>info@wiltsche.de<\\\/strong><\\\/a>\",\"icon\":\"\",\"image\":\"wp-content\\\/uploads\\\/2025\\\/02\\\/paper-plane1.png\"}}],\"name\":\"phone & mail\"}]},{\"type\":\"column\",\"props\":{\"image_position\":\"center-center\",\"position_sticky_breakpoint\":\"m\",\"width_medium\":\"1-2\"},\"children\":[{\"type\":\"panel\",\"props\":{\"content\":\"\n\n<p>[formidable id=7]<\\\/p>\",\"content_column_breakpoint\":\"m\",\"css\":\".el-title, .el-content{\\n    color:#000;\\n}\\n\\n.el-element{\\n    outline:1px solid #000;\\n    background:linear-gradient(301deg, rgba(210,210,210,1) 0%, rgba(238,238,238,1) 50%);\\n    border:10px solid white;\\n}\",\"icon_width\":80,\"id\":\"konfigurator\",\"image_align\":\"top\",\"image_grid_breakpoint\":\"m\",\"image_grid_width\":\"1-2\",\"image_svg_color\":\"emphasis\",\"link_style\":\"default\",\"link_text\":\"Read more\",\"margin\":\"default\",\"meta\":\"WILTSCHE ExpressLoader High\",\"meta_align\":\"below-title\",\"meta_element\":\"div\",\"meta_style\":\"h4\",\"panel_padding\":\"default\",\"panel_style\":\"card-primary\",\"title\":\"Anfrage - Konfigurator\",\"title_align\":\"top\",\"title_element\":\"h3\",\"title_grid_breakpoint\":\"m\",\"title_grid_width\":\"1-2\",\"title_hover_style\":\"reset\",\"title_style\":\"h2\"}}]}]}]}],\"version\":\"4.5.31\"} --><\/p>\n","protected":false},"excerpt":{"rendered":"<p>WILTSCHE ExpressLoader High Ideal f\u00fcr die Entladung (ohne Rampe) von Fahrzeugen &amp; Containern. Die robuste Teleskopf\u00f6rderer ist einfach man\u00f6vrierbar und l\u00e4sst sich platzsparend auf ca. ein Drittel der ausgezogenen Gr\u00f6\u00dfe einschieben. Effiziente F\u00f6rderl\u00f6sung f\u00fcr maximale Flexibilit\u00e4t Unser Gef\u00e4lle-Rollenteleskopf\u00f6rderer reduziert die Zeiten f\u00fcr die Belade- und Entlade-Vorg\u00e4nge. StahlAu\u00dfenprofile mit 60 mm x 30 mm verst\u00e4rktem Rahmen [&hellip;]<\/p>\n","protected":false},"author":1,"featured_media":0,"parent":2103,"menu_order":0,"comment_status":"closed","ping_status":"closed","template":"","meta":{"_acf_changed":false,"footnotes":""},"class_list":["post-2259","page","type-page","status-publish","hentry"],"acf":[],"_links":{"self":[{"href":"https:\/\/wiltsche.de\/en\/wp-json\/wp\/v2\/pages\/2259","targetHints":{"allow":["GET"]}}],"collection":[{"href":"https:\/\/wiltsche.de\/en\/wp-json\/wp\/v2\/pages"}],"about":[{"href":"https:\/\/wiltsche.de\/en\/wp-json\/wp\/v2\/types\/page"}],"author":[{"embeddable":true,"href":"https:\/\/wiltsche.de\/en\/wp-json\/wp\/v2\/users\/1"}],"replies":[{"embeddable":true,"href":"https:\/\/wiltsche.de\/en\/wp-json\/wp\/v2\/comments?post=2259"}],"version-history":[{"count":25,"href":"https:\/\/wiltsche.de\/en\/wp-json\/wp\/v2\/pages\/2259\/revisions"}],"predecessor-version":[{"id":3376,"href":"https:\/\/wiltsche.de\/en\/wp-json\/wp\/v2\/pages\/2259\/revisions\/3376"}],"up":[{"embeddable":true,"href":"https:\/\/wiltsche.de\/en\/wp-json\/wp\/v2\/pages\/2103"}],"wp:attachment":[{"href":"https:\/\/wiltsche.de\/en\/wp-json\/wp\/v2\/media?parent=2259"}],"curies":[{"name":"wp","href":"https:\/\/api.w.org\/{rel}","templated":true}]}}