{"id":2109,"date":"2025-02-17T13:44:54","date_gmt":"2025-02-17T12:44:54","guid":{"rendered":"https:\/\/wiltsche.de\/?page_id=2109"},"modified":"2026-04-20T11:53:34","modified_gmt":"2026-04-20T09:53:34","slug":"contact","status":"publish","type":"page","link":"https:\/\/wiltsche.de\/en\/kontakt\/","title":{"rendered":"Contact Us"},"content":{"rendered":"<h1>Kontakt &#038; Service<\/h1>\n<h1>Effiziente Kommunikation f\u00fcr Ihre F\u00f6rdertechnikl\u00f6sungen<\/h1>\n<h2>Direkter Kontakt zu Ihrem F\u00f6rdertechnik-Partner<\/h2>\n<div>Ob Beratung, Ersatzteilanfrage oder individuelles Angebot \u2013 unser Team steht Ihnen mit Erfahrung und technischer Kompetenz zur Seite.<br \/>\nNutzen Sie unser Kontaktformular oder rufen Sie uns an \u2013 wir k\u00fcmmern uns schnell und unkompliziert um Ihr Anliegen.<\/div>\n<hr>\n<div>\n<p>WILTSCHE F\u00f6rdersysteme GmbH &amp; Co. KG<br \/>Kungelmarkt 2a<br \/>D-59494 Soest<\/p>\n<\/div>\n<ul>\n<li>\n<p>        <img decoding=\"async\" src=\"\/wp-content\/uploads\/2025\/02\/telephone.png\" alt=\"\"><\/p>\n<div><a href=\"tel:+49 2921 349918-0\"><strong>+49 2921 349918-0<\/strong><\/a><\/div>\n<\/li>\n<li>\n<p>        <img decoding=\"async\" src=\"\/wp-content\/uploads\/2025\/02\/paper-plane1.png\" alt=\"\"><\/p>\n<div><a href=\"mailto:info@wiltsche.de\"><strong>info@wiltsche.de<\/strong><\/a><\/div>\n<\/li>\n<\/ul>\n<hr>\n<div>\n<p>Tipp: In unserem Download-Bereich finden Sie Brosch\u00fcren, Produkttabellen und Produktbeschreibungen zum schnellen Zugriff.<\/p>\n<\/div>\n<p><p>\n        <a href=\"\/?page_id=2107\">Downloads<\/a>\n    <\/p>\n<\/p>\n<div>\n<h3>Schreiben Sie uns <\/h3>\n<div>\n<div class=\"frm_forms  with_frm_style frm_style_sleek-smooth-style\" id=\"frm_form_2_container\" data-token=\"6672864c5bfd155e9c2a15fface2e3bc\">\n<form enctype=\"multipart\/form-data\" method=\"post\" class=\"frm-show-form  frm_pro_form \" id=\"form_kontakt\" data-token=\"6672864c5bfd155e9c2a15fface2e3bc\">\n<div class=\"frm_form_fields \">\n<fieldset>\n<legend class=\"frm_screen_reader\">Kontakt<\/legend>\r\n\r\n<div class=\"frm_fields_container\">\n<input type=\"hidden\" name=\"frm_action\" value=\"create\" \/>\n<input type=\"hidden\" name=\"form_id\" value=\"2\" \/>\n<input type=\"hidden\" name=\"frm_hide_fields_2\" id=\"frm_hide_fields_2\" value=\"\" \/>\n<input type=\"hidden\" name=\"form_key\" value=\"kontakt\" \/>\n<input type=\"hidden\" name=\"item_meta[0]\" value=\"\" \/>\n<input type=\"hidden\" id=\"frm_submit_entry_2\" name=\"frm_submit_entry_2\" value=\"c08311eddd\" \/><input type=\"hidden\" name=\"_wp_http_referer\" value=\"\/en\/wp-json\/wp\/v2\/pages\/2109\" \/><div id=\"frm_field_7_container\" class=\"frm_form_field form-field  frm_required_field frm_none_container\">\r\n\t<label for=\"field_uimdr\" id=\"field_uimdr_label\" class=\"frm_primary_label\">Vor- und Nachname\r\n\t\t<span class=\"frm_required\" aria-hidden=\"true\">*<\/span>\r\n\t<\/label>\r\n\t<input  type=\"text\" id=\"field_uimdr\" name=\"item_meta[7]\" value=\"\"  placeholder=\"Vor- und Nachname\" data-reqmsg=\"Vor- und Nachname kann nicht leer sein.\" aria-required=\"true\" data-invmsg=\"Vor- und Nachname ist ung\u00fcltig\" aria-invalid=\"false\"   \/>\r\n\t\r\n\t\r\n<\/div>\n<div id=\"frm_field_8_container\" class=\"frm_form_field form-field  frm_required_field frm_none_container\">\r\n\t<label for=\"field_u0xst\" id=\"field_u0xst_label\" class=\"frm_primary_label\">Telefon\r\n\t\t<span class=\"frm_required\" aria-hidden=\"true\">*<\/span>\r\n\t<\/label>\r\n\t<input type=\"tel\" id=\"field_u0xst\" name=\"item_meta[8]\" value=\"\"  placeholder=\"Telefonnummer\" data-reqmsg=\"Telefon kann nicht leer sein.\" aria-required=\"true\" data-invmsg=\"Telefon ist ung\u00fcltig\" aria-invalid=\"false\" pattern=\"((\\+\\d{1,3}(-|.| )?\\(?\\d\\)?(-| |.)?\\d{1,5})|(\\(?\\d{2,6}\\)?))(-|.| )?(\\d{3,4})(-|.| )?(\\d{4})(( x| ext)\\d{1,5}){0,1}$\"  \/>\r\n\t\r\n\t\r\n<\/div>\n<div id=\"frm_field_9_container\" class=\"frm_form_field form-field  frm_required_field frm_none_container\">\r\n\t<label for=\"field_pj1ul\" id=\"field_pj1ul_label\" class=\"frm_primary_label\">E-Mail\r\n\t\t<span class=\"frm_required\" aria-hidden=\"true\">*<\/span>\r\n\t<\/label>\r\n\t<input type=\"email\" id=\"field_pj1ul\" name=\"item_meta[9]\" value=\"\"  autocomplete=\"email\"  placeholder=\"E-Mail\" data-reqmsg=\"E-Mail kann nicht leer sein.\" aria-required=\"true\" data-invmsg=\"E-Mail ist ung\u00fcltig\" aria-invalid=\"false\"  \/>\r\n\t\r\n\t\r\n<\/div>\n<div id=\"frm_field_10_container\" class=\"frm_form_field form-field  frm_required_field frm_none_container\">\r\n\t<label for=\"field_yx5di\" id=\"field_yx5di_label\" class=\"frm_primary_label\">Ihre Nachricht\r\n\t\t<span class=\"frm_required\" aria-hidden=\"true\">*<\/span>\r\n\t<\/label>\r\n\t<textarea name=\"item_meta[10]\" id=\"field_yx5di\" rows=\"5\"  placeholder=\"Ihre Nachricht\" data-reqmsg=\"Ihre Nachricht kann nicht leer sein.\" aria-required=\"true\" data-invmsg=\"Ihre Nachricht ist ung\u00fcltig\" aria-invalid=\"false\"  ><\/textarea>\r\n\t\r\n\t\r\n<\/div>\n<div id=\"frm_field_11_container\" class=\"frm_form_field form-field  frm_required_field frm_none_container vertical_radio\">\r\n\t<div  id=\"field_oj53t_label\" class=\"frm_primary_label\">Datenschutz\r\n\t\t<span class=\"frm_required\" aria-hidden=\"true\">*<\/span>\r\n\t<\/div>\r\n\t<div class=\"frm_opt_container\" aria-labelledby=\"field_oj53t_label\" role=\"group\">\t\t<div class=\"frm_checkbox\" id=\"frm_checkbox_11-0\">\t\t\t<label  for=\"field_oj53t-0\">\n\t\t\t<input type=\"checkbox\" name=\"item_meta[11][]\" id=\"field_oj53t-0\" value=\"Ich habe die Datenschutzerkl\u00e4rung zur Kenntnis genommen.\"  data-reqmsg=\"Datenschutz kann nicht leer sein.\" data-invmsg=\"Datenschutz is invalid\"   aria-required=\"true\"  \/> Ich habe die Datenschutzerkl\u00e4rung zur Kenntnis genommen.<\/label><\/div>\n<\/div>\r\n\t\r\n\t\r\n<\/div>\n<div id=\"frm_field_6_container\" class=\"frm_form_field form-field \">\r\n\t<div class=\"frm_submit frm_flex\">\r\n<button class=\"frm_button_submit frm_final_submit\" type=\"submit\"   formnovalidate=\"formnovalidate\">Senden<\/button>\r\n\r\n\r\n\r\n<\/div>\r\n<\/div>\n\t<input type=\"hidden\" name=\"item_key\" value=\"\" \/>\n\t\t\t<div id=\"frm_field_179_container\">\n\t\t\t<label for=\"field_5rbql\" >\n\t\t\t\tIf you are human, leave this field blank.\t\t\t<\/label>\n\t\t\t<input  id=\"field_5rbql\" type=\"text\" class=\"frm_form_field form-field frm_verify\" name=\"item_meta[179]\" value=\"\"  \/>\n\t\t<\/div>\n\t\t<input name=\"frm_state\" type=\"hidden\" value=\"mdJyiMcf1sLY2KShHkluN13k6uP2rf17D86ZEH\/LRnlT1zPg23FNsvHZJAQPLBP4\" \/><\/div>\n<\/fieldset>\n<\/div>\n\n<\/form>\n<\/div>\n\n<\/div>\n<\/div>\n<p><!--more--><br \/>\n<!-- {\"type\":\"layout\",\"children\":[{\"type\":\"section\",\"props\":{\"image\":\"wp-content\\\/uploads\\\/2025\\\/02\\\/metal-1212115_1920.jpg\",\"image_position\":\"center-center\",\"image_size\":\"cover\",\"media_overlay_gradient\":\"linear-gradient(90deg, rgba(0,0,0,0.35056029247636555) 0%, rgba(0,0,0,0.4766107126444328) 25%, rgba(0,0,0,0) 75%);\",\"padding\":\"small\",\"style\":\"default\",\"title_breakpoint\":\"xl\",\"title_position\":\"top-left\",\"title_rotation\":\"left\",\"vertical_align\":\"middle\",\"width\":\"default\"},\"children\":[{\"type\":\"row\",\"props\":{\"layout\":\"2-3,1-3\"},\"children\":[{\"type\":\"column\",\"props\":{\"image_position\":\"center-center\",\"position_sticky_breakpoint\":\"m\",\"style\":\"card-default\",\"width_medium\":\"2-3\"},\"children\":[{\"type\":\"headline\",\"props\":{\"content\":\"Kontakt & Service\",\"margin_remove_bottom\":true,\"title_element\":\"h1\"}},{\"type\":\"headline\",\"props\":{\"content\":\"Effiziente Kommunikation f\\u00fcr Ihre F\\u00f6rdertechnikl\\u00f6sungen\",\"css\":\"@media (max-width: 640px) {\\n    .el-element{\\n    font-size:16px;\\n        \\n}\\n}\",\"margin\":\"small\",\"title_element\":\"h1\",\"title_style\":\"h3\"}}]},{\"type\":\"column\",\"props\":{\"image_position\":\"center-center\",\"position_sticky_breakpoint\":\"m\",\"vertical_align\":\"bottom\",\"width_medium\":\"1-3\"}}]}],\"name\":\"header\"},{\"type\":\"section\",\"props\":{\"divider_color\":\"#8BC34A\",\"divider_flip\":true,\"divider_height\":\"94\",\"divider_position\":\"top\",\"divider_shape\":\"tilt\",\"divider_width\":\"100\",\"id\":\"kontaktformular\",\"image_position\":\"center-center\",\"padding_custom_bottom\":\"40\",\"padding_custom_top\":\"40\",\"style\":\"muted\",\"title_breakpoint\":\"xl\",\"title_position\":\"top-left\",\"title_rotation\":\"left\",\"vertical_align\":\"middle\",\"width\":\"default\"},\"children\":[{\"type\":\"row\",\"children\":[{\"type\":\"column\",\"props\":{\"image_position\":\"center-center\",\"position_sticky_breakpoint\":\"m\",\"width_medium\":\"1-2\"},\"children\":[{\"type\":\"headline\",\"props\":{\"content\":\"Direkter Kontakt zu Ihrem F\\u00f6rdertechnik-Partner\",\"title_element\":\"h2\",\"title_style\":\"h1\"}},{\"type\":\"text\",\"props\":{\"column_breakpoint\":\"m\",\"content\":\"Ob Beratung, Ersatzteilanfrage oder individuelles Angebot \\u2013 unser Team steht Ihnen mit Erfahrung und technischer Kompetenz zur Seite.\\nNutzen Sie unser Kontaktformular oder rufen Sie uns an \\u2013 wir k\\u00fcmmern uns schnell und unkompliziert um Ihr Anliegen.\",\"margin\":\"default\"}},{\"type\":\"divider\",\"props\":{\"divider_element\":\"hr\"}},{\"type\":\"text\",\"props\":{\"column_breakpoint\":\"m\",\"content\":\"\n\n<p>WILTSCHE F\\u00f6rdersysteme GmbH &amp; Co. KG<br \\\/>Kungelmarkt 2a<br \\\/>D-59494 Soest<\\\/p>\",\"margin\":\"default\"}},{\"type\":\"list\",\"props\":{\"column_breakpoint\":\"m\",\"icon_width\":\"30\",\"image_align\":\"left\",\"image_svg_color\":\"emphasis\",\"image_vertical_align\":false,\"image_width\":20,\"list_element\":\"ul\",\"list_horizontal_separator\":\", \",\"list_type\":\"vertical\",\"show_image\":true,\"show_link\":true},\"children\":[{\"type\":\"list_item\",\"props\":{\"content\":\"<a href=\\\"tel:+49 2921 349918-0\\\"><strong>+49 2921 349918-0<\\\/strong><\\\/a>\",\"icon\":\"\",\"image\":\"wp-content\\\/uploads\\\/2025\\\/02\\\/telephone.png\"}},{\"type\":\"list_item\",\"props\":{\"content\":\"<a href=\\\"mailto:info@wiltsche.de\\\"><strong>info@wiltsche.de<\\\/strong><\\\/a>\",\"icon\":\"\",\"image\":\"wp-content\\\/uploads\\\/2025\\\/02\\\/paper-plane1.png\"}}]},{\"type\":\"divider\",\"props\":{\"divider_element\":\"hr\"}},{\"type\":\"text\",\"props\":{\"column_breakpoint\":\"m\",\"content\":\"\n\n<p>Tipp: In unserem Download-Bereich finden Sie Brosch\\u00fcren, Produkttabellen und Produktbeschreibungen zum schnellen Zugriff.<\\\/p>\",\"margin\":\"default\"}},{\"type\":\"button\",\"props\":{\"grid_column_gap\":\"small\",\"grid_row_gap\":\"small\",\"margin\":\"default\"},\"children\":[{\"type\":\"button_item\",\"props\":{\"button_style\":\"default\",\"content\":\"Downloads\",\"dialog_layout\":\"modal\",\"dialog_offcanvas_flip\":true,\"icon\":\"forward\",\"icon_align\":\"left\",\"link\":\"?page_id=2107\"}}]}]},{\"type\":\"column\",\"props\":{\"css\":\"\\n\\n.uk-card-body {\\n    padding-bottom: 0px;\\n  }\",\"image_position\":\"center-center\",\"position_sticky_breakpoint\":\"m\",\"width_medium\":\"1-2\"},\"children\":[{\"type\":\"panel\",\"props\":{\"content\":\"\n\n<p>[formidable id=2]<\\\/p>\",\"content_column_breakpoint\":\"m\",\"css\":\".el-title, .el-content{\\n    color:#000;\\n}\\n\\n.el-element{\\n    outline:1px solid #000;\\n    background:linear-gradient(301deg, rgba(210,210,210,1) 0%, rgba(238,238,238,1) 50%);\\n    border:10px solid white;\\n}\",\"icon_width\":80,\"id\":\"konfigurator\",\"image_align\":\"top\",\"image_grid_breakpoint\":\"m\",\"image_grid_width\":\"1-2\",\"image_svg_color\":\"emphasis\",\"link_style\":\"default\",\"link_text\":\"Read more\",\"margin\":\"default\",\"meta\":\"\",\"meta_align\":\"below-title\",\"meta_element\":\"div\",\"meta_style\":\"h4\",\"panel_padding\":\"default\",\"panel_style\":\"card-primary\",\"title\":\"Schreiben Sie uns \",\"title_align\":\"top\",\"title_element\":\"h3\",\"title_grid_breakpoint\":\"m\",\"title_grid_width\":\"1-2\",\"title_hover_style\":\"reset\",\"title_style\":\"h2\"},\"name\":\"formular-panel\"}]}],\"props\":{\"column_gap\":\"large\",\"layout\":\"1-2,1-2\"}}],\"name\":\"Kontakt\"}],\"version\":\"4.5.31\"} --><\/p>\n","protected":false},"excerpt":{"rendered":"<p>Kontakt &#038; Service Effiziente Kommunikation f\u00fcr Ihre F\u00f6rdertechnikl\u00f6sungen Direkter Kontakt zu Ihrem F\u00f6rdertechnik-Partner Ob Beratung, Ersatzteilanfrage oder individuelles Angebot \u2013 unser Team steht Ihnen mit Erfahrung und technischer Kompetenz zur Seite. Nutzen Sie unser Kontaktformular oder rufen Sie uns an \u2013 wir k\u00fcmmern uns schnell und unkompliziert um Ihr Anliegen. WILTSCHE F\u00f6rdersysteme GmbH &amp; Co. [&hellip;]<\/p>\n","protected":false},"author":1,"featured_media":0,"parent":0,"menu_order":0,"comment_status":"closed","ping_status":"closed","template":"","meta":{"_acf_changed":false,"footnotes":""},"class_list":["post-2109","page","type-page","status-publish","hentry"],"acf":[],"_links":{"self":[{"href":"https:\/\/wiltsche.de\/en\/wp-json\/wp\/v2\/pages\/2109","targetHints":{"allow":["GET"]}}],"collection":[{"href":"https:\/\/wiltsche.de\/en\/wp-json\/wp\/v2\/pages"}],"about":[{"href":"https:\/\/wiltsche.de\/en\/wp-json\/wp\/v2\/types\/page"}],"author":[{"embeddable":true,"href":"https:\/\/wiltsche.de\/en\/wp-json\/wp\/v2\/users\/1"}],"replies":[{"embeddable":true,"href":"https:\/\/wiltsche.de\/en\/wp-json\/wp\/v2\/comments?post=2109"}],"version-history":[{"count":14,"href":"https:\/\/wiltsche.de\/en\/wp-json\/wp\/v2\/pages\/2109\/revisions"}],"predecessor-version":[{"id":3350,"href":"https:\/\/wiltsche.de\/en\/wp-json\/wp\/v2\/pages\/2109\/revisions\/3350"}],"wp:attachment":[{"href":"https:\/\/wiltsche.de\/en\/wp-json\/wp\/v2\/media?parent=2109"}],"curies":[{"name":"wp","href":"https:\/\/api.w.org\/{rel}","templated":true}]}}