{"id":2107,"date":"2025-02-17T13:44:39","date_gmt":"2025-02-17T12:44:39","guid":{"rendered":"https:\/\/wiltsche.de\/?page_id=2107"},"modified":"2026-02-04T16:37:35","modified_gmt":"2026-02-04T15:37:35","slug":"downloads","status":"publish","type":"page","link":"https:\/\/wiltsche.de\/en\/downloads\/","title":{"rendered":"Downloads"},"content":{"rendered":"<h1>\n<p>Downloads &#038; Dokumentation<\/p>\n<\/h1>\n<h1>Brosch\u00fcren, Produktdaten und technischen Unterlagen im \u00dcberblick<\/h1>\n<h1>Brosch\u00fcren<\/h1>\n<ul>\n<li>\n<p><a href=\"\/wp-content\/uploads\/2026\/02\/1-WILTSCHE-Flexible-Foerderbaender-D.pdf\">WILTSCHE Flexible Foerderbaender D<\/a><\/p>\n<\/li>\n<li>\n<p><a href=\"\/wp-content\/uploads\/2026\/02\/1-WILTSCHE-Flexible-Conveyors-GB.pdf\">WILTSCHE Flexible Conveyors GB<\/a><\/p>\n<\/li>\n<\/ul>\n<h1>Produkttabellen<\/h1>\n<ul>\n<li>\n<p><a href=\"\/wp-content\/uploads\/2025\/11\/UFG_SWS-Produkttabelle.pdf\">UNI-FLEX\u2122 Scherenr\u00f6llchenbahn Produkttabelle <\/a><\/p>\n<\/li>\n<li>\n<p><a href=\"\/wp-content\/uploads\/2025\/11\/UFG_ROS-Produkttabelle.pdf\">UNI-FLEX\u2122 Gef\u00e4lle-Scherenr\u00f6llchenbahn Produkttabelle<\/a><\/p>\n<\/li>\n<li>\n<p><a href=\"\/wp-content\/uploads\/2025\/11\/UFP_ROS-Produkttabelle-1.pdf\"> UNI-FLEX\u2122 Angetriebene Scherenrollenbahn Produkttabelle<\/a><\/p>\n<\/li>\n<\/ul>\n<h1>Beschreibungen<\/h1>\n<ul>\n<li>\n<p><a href=\"\/wp-content\/uploads\/2025\/11\/TrailerLoader_deut.pdf\">UNI-FLEX\u2122 Trailer Loader<\/a><\/p>\n<\/li>\n<li>\n<p><a href=\"\/wp-content\/uploads\/2025\/11\/UFG_SWS-Beschreibung.pdf\">UNI-FLEX\u2122 Scherenr\u00f6llchenbahn Beschreibung<\/a><\/p>\n<\/li>\n<li>\n<p><a href=\"\/wp-content\/uploads\/2025\/11\/UFG_ROS-Beschreibung.pdf\">UNI-FLEX\u2122 Gef\u00e4lle-Scherenr\u00f6llchenbahn Beschreibung<\/a><\/p>\n<\/li>\n<li>\n<p><a href=\"\/wp-content\/uploads\/2025\/11\/UFP_ROS-Beschreibung.pdf\">UNI-FLEX\u2122 Angetriebene Scherenrollenbahn Beschreibung<\/a><\/p>\n<\/li>\n<\/ul>\n<p><!--more--><br \/>\n<!-- {\"type\":\"layout\",\"children\":[{\"type\":\"section\",\"props\":{\"image\":\"wp-content\\\/uploads\\\/2025\\\/02\\\/metal-1212115_1920.jpg\",\"image_position\":\"center-center\",\"image_size\":\"cover\",\"media_overlay_gradient\":\"linear-gradient(90deg, rgba(0,0,0,0.35056029247636555) 0%, rgba(0,0,0,0.4766107126444328) 25%, rgba(0,0,0,0) 75%);\",\"padding\":\"small\",\"style\":\"default\",\"title_breakpoint\":\"xl\",\"title_position\":\"top-left\",\"title_rotation\":\"left\",\"vertical_align\":\"middle\",\"width\":\"default\"},\"children\":[{\"type\":\"row\",\"props\":{\"layout\":\"2-3,1-3\"},\"children\":[{\"type\":\"column\",\"props\":{\"image_position\":\"center-center\",\"position_sticky_breakpoint\":\"m\",\"style\":\"card-default\",\"width_medium\":\"2-3\"},\"children\":[{\"type\":\"headline\",\"props\":{\"content\":\"\n\n<p>Downloads & Dokumentation<\\\/p>\",\"margin_remove_bottom\":true,\"title_element\":\"h1\"}},{\"type\":\"headline\",\"props\":{\"content\":\"Brosch\\u00fcren, Produktdaten und technischen Unterlagen im \\u00dcberblick\",\"margin\":\"remove-vertical\",\"title_element\":\"h1\",\"title_style\":\"h3\"}}]},{\"type\":\"column\",\"props\":{\"image_position\":\"center-center\",\"position_sticky_breakpoint\":\"m\",\"vertical_align\":\"bottom\",\"width_medium\":\"1-3\"}}]}],\"name\":\"header\"},{\"type\":\"section\",\"props\":{\"css\":\".el-section{\\n     background-image: linear-gradient(313deg,#c4c4c4 0,#fff 40%,#ececec 100%);\\n}\",\"image_position\":\"center-center\",\"style\":\"muted\",\"title_breakpoint\":\"xl\",\"title_position\":\"top-left\",\"title_rotation\":\"left\",\"vertical_align\":\"middle\",\"width\":\"default\"},\"children\":[{\"type\":\"row\",\"props\":{\"divider\":true,\"layout\":\"1-3,1-3,1-3\"},\"children\":[{\"type\":\"column\",\"props\":{\"image_position\":\"center-center\",\"position_sticky_breakpoint\":\"m\",\"width_medium\":\"1-3\"},\"children\":[{\"type\":\"headline\",\"props\":{\"content\":\"Brosch\\u00fcren\",\"title_decoration\":\"line\",\"title_element\":\"h1\",\"title_style\":\"h3\"}},{\"type\":\"list\",\"props\":{\"column_breakpoint\":\"m\",\"css\":\".el-item{\\n    border: 5px solid #fff;\\n    box-shadow: 0 1px 3px 0 rgba(0,0,0,.18),0 10px 40px -20px rgba(0,0,0,.3);\\n    background-image: linear-gradient(313deg, #c4c4c4 0%, #ffffff 85%, #efff 100%);\\n}\",\"icon_width\":\"40\",\"image_align\":\"left\",\"image_height\":50,\"image_svg_color\":\"emphasis\",\"image_vertical_align\":true,\"image_width\":50,\"list_element\":\"ul\",\"list_horizontal_separator\":\", \",\"list_type\":\"vertical\",\"margin\":\"default\",\"show_image\":true,\"show_link\":true},\"children\":[{\"type\":\"list_item\",\"props\":{\"content\":\"WILTSCHE Flexible Foerderbaender D\",\"icon\":\"file-pdf\",\"image\":\"\",\"link\":\"wp-content\\\/uploads\\\/2026\\\/02\\\/1-WILTSCHE-Flexible-Foerderbaender-D.pdf\",\"link_target\":true}},{\"type\":\"list_item\",\"props\":{\"content\":\"WILTSCHE Flexible Conveyors GB\",\"icon\":\"file-pdf\",\"image\":\"\",\"link\":\"wp-content\\\/uploads\\\/2026\\\/02\\\/1-WILTSCHE-Flexible-Conveyors-GB.pdf\",\"link_target\":true}}],\"name\":\"panel slidert\"}]},{\"type\":\"column\",\"props\":{\"image_position\":\"center-center\",\"position_sticky_breakpoint\":\"m\",\"width_medium\":\"1-3\"},\"children\":[{\"type\":\"headline\",\"props\":{\"content\":\"Produkttabellen\",\"title_decoration\":\"line\",\"title_element\":\"h1\",\"title_style\":\"h3\"}},{\"type\":\"list\",\"props\":{\"column_breakpoint\":\"m\",\"css\":\".el-item{\\n    border: 5px solid #fff;\\n    box-shadow: 0 1px 3px 0 rgba(0,0,0,.18),0 10px 40px -20px rgba(0,0,0,.3);\\n    background-image: linear-gradient(313deg, #c4c4c4 0%, #ffffff 85%, #efff 100%);\\n}\",\"icon_width\":\"40\",\"image_align\":\"left\",\"image_height\":50,\"image_svg_color\":\"emphasis\",\"image_vertical_align\":true,\"image_width\":50,\"list_element\":\"ul\",\"list_horizontal_separator\":\", \",\"list_type\":\"vertical\",\"margin\":\"default\",\"show_image\":true,\"show_link\":true},\"children\":[{\"type\":\"list_item\",\"props\":{\"content\":\"UNI-FLEX\\u2122 Scherenr\\u00f6llchenbahn Produkttabelle \",\"icon\":\"file-pdf\",\"image\":\"\",\"link\":\"wp-content\\\/uploads\\\/2025\\\/11\\\/UFG_SWS-Produkttabelle.pdf\",\"link_target\":true}},{\"type\":\"list_item\",\"props\":{\"content\":\"UNI-FLEX\\u2122 Gef\\u00e4lle-Scherenr\\u00f6llchenbahn Produkttabelle\",\"icon\":\"file-pdf\",\"image\":\"\",\"link\":\"wp-content\\\/uploads\\\/2025\\\/11\\\/UFG_ROS-Produkttabelle.pdf\",\"link_target\":true}},{\"type\":\"list_item\",\"props\":{\"content\":\" UNI-FLEX\\u2122 Angetriebene Scherenrollenbahn Produkttabelle\",\"icon\":\"file-pdf\",\"image\":\"\",\"link\":\"wp-content\\\/uploads\\\/2025\\\/11\\\/UFP_ROS-Produkttabelle-1.pdf\",\"link_target\":true}}],\"name\":\"panel slidert\"}]},{\"type\":\"column\",\"props\":{\"image_position\":\"center-center\",\"position_sticky_breakpoint\":\"m\",\"width_medium\":\"1-3\"},\"children\":[{\"type\":\"headline\",\"props\":{\"content\":\"Beschreibungen\",\"title_decoration\":\"line\",\"title_element\":\"h1\",\"title_style\":\"h3\"}},{\"type\":\"list\",\"props\":{\"column_breakpoint\":\"m\",\"css\":\".el-item{\\n    border: 5px solid #fff;\\n    box-shadow: 0 1px 3px 0 rgba(0,0,0,.18),0 10px 40px -20px rgba(0,0,0,.3);\\n    background-image: linear-gradient(313deg, #c4c4c4 0%, #ffffff 85%, #efff 100%);\\n}\",\"icon_width\":\"40\",\"image_align\":\"left\",\"image_height\":50,\"image_svg_color\":\"emphasis\",\"image_vertical_align\":true,\"image_width\":50,\"list_element\":\"ul\",\"list_horizontal_separator\":\", \",\"list_type\":\"vertical\",\"margin\":\"default\",\"show_image\":true,\"show_link\":true},\"children\":[{\"type\":\"list_item\",\"props\":{\"content\":\"UNI-FLEX\\u2122 Trailer Loader\",\"icon\":\"file-pdf\",\"image\":\"\",\"link\":\"wp-content\\\/uploads\\\/2025\\\/11\\\/TrailerLoader_deut.pdf\",\"link_target\":true}},{\"type\":\"list_item\",\"props\":{\"content\":\"UNI-FLEX\\u2122 Scherenr\\u00f6llchenbahn Beschreibung\",\"icon\":\"file-pdf\",\"image\":\"\",\"link\":\"wp-content\\\/uploads\\\/2025\\\/11\\\/UFG_SWS-Beschreibung.pdf\",\"link_target\":true}},{\"type\":\"list_item\",\"props\":{\"content\":\"UNI-FLEX\\u2122 Gef\\u00e4lle-Scherenr\\u00f6llchenbahn Beschreibung\",\"icon\":\"file-pdf\",\"image\":\"\",\"link\":\"wp-content\\\/uploads\\\/2025\\\/11\\\/UFG_ROS-Beschreibung.pdf\",\"link_target\":true}},{\"type\":\"list_item\",\"props\":{\"content\":\"UNI-FLEX\\u2122 Angetriebene Scherenrollenbahn Beschreibung\",\"icon\":\"file-pdf\",\"image\":\"\",\"link\":\"wp-content\\\/uploads\\\/2025\\\/11\\\/UFP_ROS-Beschreibung.pdf\",\"link_target\":true}}],\"name\":\"panel slidert\"}]}]}]}],\"version\":\"4.5.31\"} --><\/p>\n","protected":false},"excerpt":{"rendered":"<p>Downloads &#038; Dokumentation Brosch\u00fcren, Produktdaten und technischen Unterlagen im \u00dcberblick Brosch\u00fcren WILTSCHE Flexible Foerderbaender D WILTSCHE Flexible Conveyors GB Produkttabellen UNI-FLEX\u2122 Scherenr\u00f6llchenbahn Produkttabelle UNI-FLEX\u2122 Gef\u00e4lle-Scherenr\u00f6llchenbahn Produkttabelle UNI-FLEX\u2122 Angetriebene Scherenrollenbahn Produkttabelle Beschreibungen UNI-FLEX\u2122 Trailer Loader UNI-FLEX\u2122 Scherenr\u00f6llchenbahn Beschreibung UNI-FLEX\u2122 Gef\u00e4lle-Scherenr\u00f6llchenbahn Beschreibung UNI-FLEX\u2122 Angetriebene Scherenrollenbahn Beschreibung<\/p>","protected":false},"author":1,"featured_media":0,"parent":0,"menu_order":0,"comment_status":"closed","ping_status":"closed","template":"","meta":{"_acf_changed":false,"footnotes":""},"class_list":["post-2107","page","type-page","status-publish","hentry"],"acf":[],"_links":{"self":[{"href":"https:\/\/wiltsche.de\/en\/wp-json\/wp\/v2\/pages\/2107","targetHints":{"allow":["GET"]}}],"collection":[{"href":"https:\/\/wiltsche.de\/en\/wp-json\/wp\/v2\/pages"}],"about":[{"href":"https:\/\/wiltsche.de\/en\/wp-json\/wp\/v2\/types\/page"}],"author":[{"embeddable":true,"href":"https:\/\/wiltsche.de\/en\/wp-json\/wp\/v2\/users\/1"}],"replies":[{"embeddable":true,"href":"https:\/\/wiltsche.de\/en\/wp-json\/wp\/v2\/comments?post=2107"}],"version-history":[{"count":20,"href":"https:\/\/wiltsche.de\/en\/wp-json\/wp\/v2\/pages\/2107\/revisions"}],"predecessor-version":[{"id":3168,"href":"https:\/\/wiltsche.de\/en\/wp-json\/wp\/v2\/pages\/2107\/revisions\/3168"}],"wp:attachment":[{"href":"https:\/\/wiltsche.de\/en\/wp-json\/wp\/v2\/media?parent=2107"}],"curies":[{"name":"wp","href":"https:\/\/api.w.org\/{rel}","templated":true}]}}