{"id":2103,"date":"2025-02-17T13:44:18","date_gmt":"2025-02-17T12:44:18","guid":{"rendered":"https:\/\/wiltsche.de\/?page_id=2103"},"modified":"2026-04-28T18:41:29","modified_gmt":"2026-04-28T16:41:29","slug":"produkte","status":"publish","type":"page","link":"https:\/\/wiltsche.de\/en\/produkte\/","title":{"rendered":"Products"},"content":{"rendered":"<h1>Unsere Produkte im \u00dcberblick<\/h1>\n<h1>Entdecken Sie mobile und station\u00e4re F\u00f6rdersysteme f\u00fcr optimale Materialfl\u00fcsse in Logistik und Industrie<\/h1>\n<ul>\n<li>\n<p>        <img decoding=\"async\" src=\"\/wp-content\/uploads\/2025\/02\/Roller-Connector-Bracket-01-768x576-1.jpg\" alt=\"\"><\/p>\n<h3>WILTSCHE Angetriebene Scherenrollenbahn<\/h3>\n<div>\n<p>Motorisierte F\u00f6rderl\u00f6sung f\u00fcr maximale Effizienz. Mit stufenloser Geschwindigkeit (10\u201340 m\/min) &amp; Smart Optics Endabschaltung f\u00fcr einen automatisierten, schnellen Materialfluss.<\/p>\n<\/div>\n<p><a href=\"\/?page_id=2255\">Produktdetails anzeigen<\/a><\/p>\n<\/li>\n<li>\n<p>        <img decoding=\"async\" src=\"https:\/\/wiltsche.de\/wp-content\/uploads\/2025\/11\/Flexi-Gravity-01-scaled.jpg\" alt=\"\"><\/p>\n<h3>WILTSCHE Gef\u00e4lle-Scherenrollenbahn<\/h3>\n<div>\n<p>F\u00fcr empfindliche &#038; unebene Packst\u00fccke.<br \/>\nDank Zwillings-Tragrollen sorgt sie f\u00fcr gleichm\u00e4\u00dfige Lastverteilung &#038; hohe Tragf\u00e4higkeit. H\u00f6henverstellbar &#038; leicht man\u00f6vrierbar.<\/p>\n<\/div>\n<p><a href=\"\/?page_id=2257\">Produktdetails anzeigen<\/a><\/p>\n<\/li>\n<li>\n<p>        <img decoding=\"async\" src=\"\/wp-content\/uploads\/2025\/02\/Skate-Wheel-Close-up-01-768x576-1.jpg\" alt=\"\"><\/p>\n<h3>WILTSCHE Scherenr\u00f6llchenbahn<\/h3>\n<div>\n<p>Perfekt f\u00fcr Verpackungs- und Montagestra\u00dfen sowie das schnelle Be- und Entladen von Fahrzeugen. Einfach verschiebbar &#038; auf \u00bc der L\u00e4nge einklappbar.<\/p>\n<\/div>\n<p><a href=\"\/?page_id=2165\">Produktdetails anzeigen<\/a><\/p>\n<\/li>\n<li>\n<p>        <img decoding=\"async\" src=\"\/wp-content\/uploads\/2026\/04\/TEHD-600-4-12.0-VIEW-2.png\" alt=\"\"><\/p>\n<h3>WILTSCHE ExpressLoader Low<\/h3>\n<div>\n<p>Schnelle &#038; optimierte Be- &#038; Entladung.<br \/>\nErh\u00f6ht die Produktivit\u00e4t durch automatisierte Prozesse und eine stabile Konstruktion, die f\u00fcr hohe Belastungen ausgelegt ist.<\/p>\n<\/div>\n<p><a href=\"\/?page_id=2531\">Produktdetails anzeigen<\/a><\/p>\n<\/li>\n<li>\n<p>        <img decoding=\"async\" src=\"\/wp-content\/uploads\/2025\/11\/HRTE-HRET-VIEW-2.png\" alt=\"\"><\/p>\n<h3>WILTSCHE ExpressLoader High<\/h3>\n<div>Schnelle &#038; effiziente Be- und Entladung \u2013 dank stabiler Stahlkonstruktion, hoher Traglast und sicherer Mobilit\u00e4t durch gebremste Schwenkrollen.<\/div>\n<p><a href=\"\/?page_id=2259\">Produktdetails anzeigen<\/a><\/p>\n<\/li>\n<li>\n<p>        <img decoding=\"async\" src=\"\/wp-content\/uploads\/2026\/01\/Photos-DSC07672-2-Trailer-Loader-Photo-HDVL3.jpg\" alt=\"\"><\/p>\n<h3>WILTSCHE TrailerLoader VL3<\/h3>\n<div>Der mobile TrailerLoader unterst\u00fctzt schnelles, sicheres und effizientes Be- und Entladen. Wendiger Doppel-Boom-F\u00f6rderer \u2013 passend f\u00fcr alle Container- und LKW-Gr\u00f6\u00dfen.<\/div>\n<p><a href=\"\/?page_id=2261\">Produktdetails anzeigen<\/a><\/p>\n<\/li>\n<li>\n<p>        <img decoding=\"async\" src=\"\/wp-content\/uploads\/2026\/01\/VLP-VIEW-1.png\" alt=\"\"><\/p>\n<h3>WILTSCHE Trailer Loader VLP <\/h3>\n<div>Schneller, sicherer, effizienter be- und entladen: Der mobile TrailerLoader ist wendig, vielseitig und passt zu allen Container- und LKW-Gr\u00f6\u00dfen.<\/div>\n<p><a href=\"\/?page_id=3069\">Produktdetails anzeigen<\/a><\/p>\n<\/li>\n<li>\n<p>        <img decoding=\"async\" src=\"\/wp-content\/uploads\/2026\/01\/IMG_8217-1-scaled.jpeg\" alt=\"\"><\/p>\n<h3>WILTSCHE CompactLoader<\/h3>\n<div>\n<p>Flexibler Teleskopf\u00f6rderer f\u00fcr Logistikzentren.<br \/>\nOptimiert den Materialfluss mit h\u00f6herer Automatisierung, reduziert k\u00f6rperliche Belastung und verbessert die Wirtschaftlichkeit.<\/p>\n<\/div>\n<p><a href=\"\/?page_id=2264\">Produktdetails anzeigen<\/a><\/p>\n<\/li>\n<li>\n<p>        <img decoding=\"async\" src=\"\/wp-content\/uploads\/2025\/11\/destuffit-forrendering.jpg\" alt=\"\"><\/p>\n<p><img decoding=\"async\" src=\"\/wp-content\/uploads\/2025\/11\/destuffit-forrendering.jpg\" alt><\/p>\n<h3>WILTSCHE Destuff-it<\/h3>\n<div>\n<p>Flexibler Teleskopf\u00f6rderer f\u00fcr Logistikzentren.<br \/>\nOptimiert den Materialfluss mit h\u00f6herer Automatisierung, reduziert k\u00f6rperliche Belastung und verbessert die Wirtschaftlichkeit.<\/p>\n<\/div>\n<p><a href=\"\/?page_id=2266\">Produktdetails anzeigen<\/a><\/p>\n<\/li>\n<li>\n<p>        <img decoding=\"async\" src=\"\/wp-content\/uploads\/2025\/02\/Inpaktafel-met-dozenrek.jpg\" alt=\"\"><\/p>\n<h3>WILTSCHE Packtischsysteme<\/h3>\n<div>\n<p>Ergonomische &#038; effiziente Packl\u00f6sungen.<br \/>\nOptimieren Sie Ihre Prozesse mit ma\u00dfgeschneiderten Einzel- &#038; Doppelpacktischen f\u00fcr eine effiziente &#038; fehlerfreie Arbeitsweise.<\/p>\n<\/div>\n<p><a href=\"\/?page_id=2268\">Produktdetails anzeigen<\/a><\/p>\n<\/li>\n<\/ul>\n<p><!--more--><br \/>\n<!-- {\"type\":\"layout\",\"children\":[{\"type\":\"section\",\"props\":{\"image\":\"wp-content\\\/uploads\\\/2025\\\/02\\\/metal-1212115_1920.jpg\",\"image_position\":\"center-center\",\"image_size\":\"cover\",\"media_overlay_gradient\":\"linear-gradient(90deg, rgba(0,0,0,0.35056029247636555) 0%, rgba(0,0,0,0.4766107126444328) 25%, rgba(0,0,0,0) 75%);\",\"padding\":\"small\",\"style\":\"default\",\"title_breakpoint\":\"xl\",\"title_position\":\"top-left\",\"title_rotation\":\"left\",\"vertical_align\":\"middle\",\"width\":\"default\"},\"children\":[{\"type\":\"row\",\"props\":{\"layout\":\"2-3,1-3\"},\"children\":[{\"type\":\"column\",\"props\":{\"image_position\":\"center-center\",\"position_sticky_breakpoint\":\"m\",\"style\":\"card-default\",\"width_medium\":\"2-3\"},\"children\":[{\"type\":\"headline\",\"props\":{\"content\":\"Unsere Produkte im \\u00dcberblick\",\"margin\":\"small\",\"margin_remove_bottom\":false,\"title_element\":\"h1\"}},{\"type\":\"headline\",\"props\":{\"content\":\"Entdecken Sie mobile und station\\u00e4re F\\u00f6rdersysteme f\\u00fcr optimale Materialfl\\u00fcsse in Logistik und Industrie\",\"margin\":\"remove-vertical\",\"title_element\":\"h1\",\"title_style\":\"h3\"}}]},{\"type\":\"column\",\"props\":{\"image_position\":\"center-center\",\"position_sticky_breakpoint\":\"m\",\"vertical_align\":\"bottom\",\"width_medium\":\"1-3\"}}]}],\"name\":\"header\"},{\"type\":\"section\",\"props\":{\"image_position\":\"center-center\",\"style\":\"muted\",\"title_breakpoint\":\"xl\",\"title_position\":\"top-left\",\"title_rotation\":\"left\",\"vertical_align\":\"middle\",\"width\":\"default\"},\"children\":[{\"type\":\"row\",\"children\":[{\"type\":\"column\",\"props\":{\"image_position\":\"center-center\",\"position_sticky_breakpoint\":\"m\"},\"children\":[{\"type\":\"grid\",\"props\":{\"content_column_breakpoint\":\"m\",\"css\":\".el-item{\\n    border: 10px solid #fff;\\n    box-shadow: 0 1px 3px 0 rgba(0,0,0,.18),0 10px 40px -20px rgba(0,0,0,.3);\\n}\",\"filter_align\":\"left\",\"filter_all\":true,\"filter_grid_breakpoint\":\"m\",\"filter_grid_width\":\"auto\",\"filter_position\":\"top\",\"filter_style\":\"tab\",\"grid_column_gap\":\"medium\",\"grid_default\":\"1\",\"grid_medium\":\"3\",\"grid_row_gap\":\"medium\",\"icon_width\":80,\"image_align\":\"top\",\"image_grid_breakpoint\":\"m\",\"image_grid_width\":\"1-2\",\"image_height\":250,\"image_svg_color\":\"emphasis\",\"image_width\":500,\"item_animation\":true,\"lightbox_bg_close\":true,\"link_fullwidth\":true,\"link_style\":\"default\",\"link_text\":\"Produktdetails anzeigen\",\"margin\":\"default\",\"meta_align\":\"below-title\",\"meta_element\":\"div\",\"meta_style\":\"text-meta\",\"panel_expand\":\"content\",\"panel_image_no_padding\":true,\"panel_padding\":\"default\",\"panel_style\":\"card-default\",\"show_content\":true,\"show_hover_image\":true,\"show_hover_video\":true,\"show_image\":true,\"show_link\":true,\"show_meta\":true,\"show_title\":true,\"show_video\":true,\"title_align\":\"top\",\"title_element\":\"h3\",\"title_grid_breakpoint\":\"m\",\"title_grid_width\":\"1-2\",\"title_hover_style\":\"reset\"},\"children\":[{\"type\":\"grid_item\",\"props\":{\"content\":\"\n\n<p>Motorisierte F\\u00f6rderl\\u00f6sung f\\u00fcr maximale Effizienz. Mit stufenloser Geschwindigkeit (10\\u201340 m\\\/min) &amp; Smart Optics Endabschaltung f\\u00fcr einen automatisierten, schnellen Materialfluss.<\\\/p>\",\"image\":\"wp-content\\\/uploads\\\/2025\\\/02\\\/Roller-Connector-Bracket-01-768x576-1.jpg\",\"link\":\"?page_id=2255\",\"title\":\"WILTSCHE Angetriebene Scherenrollenbahn\"}},{\"type\":\"grid_item\",\"props\":{\"content\":\"\n\n<p>F\\u00fcr empfindliche & unebene Packst\\u00fccke.\\nDank Zwillings-Tragrollen sorgt sie f\\u00fcr gleichm\\u00e4\\u00dfige Lastverteilung & hohe Tragf\\u00e4higkeit. H\\u00f6henverstellbar & leicht man\\u00f6vrierbar.<\\\/p>\",\"image\":\"https:\\\/\\\/wiltsche.de\\\/wp-content\\\/uploads\\\/2025\\\/11\\\/Flexi-Gravity-01-scaled.jpg\",\"link\":\"?page_id=2257\",\"title\":\"WILTSCHE Gef\\u00e4lle-Scherenrollenbahn\"}},{\"type\":\"grid_item\",\"props\":{\"content\":\"\n\n<p>Perfekt f\\u00fcr Verpackungs- und Montagestra\\u00dfen sowie das schnelle Be- und Entladen von Fahrzeugen. Einfach verschiebbar & auf \\u00bc der L\\u00e4nge einklappbar.<\\\/p>\",\"image\":\"wp-content\\\/uploads\\\/2025\\\/02\\\/Skate-Wheel-Close-up-01-768x576-1.jpg\",\"link\":\"?page_id=2165\",\"title\":\"WILTSCHE Scherenr\\u00f6llchenbahn\"}},{\"type\":\"grid_item\",\"props\":{\"content\":\"\n\n<p>Schnelle & optimierte Be- & Entladung.\\nErh\\u00f6ht die Produktivit\\u00e4t durch automatisierte Prozesse und eine stabile Konstruktion, die f\\u00fcr hohe Belastungen ausgelegt ist.<\\\/p>\",\"image\":\"wp-content\\\/uploads\\\/2026\\\/04\\\/TEHD-600-4-12.0-VIEW-2.png\",\"link\":\"?page_id=2531\",\"title\":\"WILTSCHE ExpressLoader Low\"}},{\"type\":\"grid_item\",\"props\":{\"content\":\"Schnelle & effiziente Be- und Entladung \\u2013 dank stabiler Stahlkonstruktion, hoher Traglast und sicherer Mobilit\\u00e4t durch gebremste Schwenkrollen.\",\"image\":\"wp-content\\\/uploads\\\/2025\\\/11\\\/HRTE-HRET-VIEW-2.png\",\"link\":\"?page_id=2259\",\"title\":\"WILTSCHE ExpressLoader High\"}},{\"type\":\"grid_item\",\"props\":{\"content\":\"Der mobile TrailerLoader unterst\\u00fctzt schnelles, sicheres und effizientes Be- und Entladen. Wendiger Doppel-Boom-F\\u00f6rderer \\u2013 passend f\\u00fcr alle Container- und LKW-Gr\\u00f6\\u00dfen.\",\"image\":\"wp-content\\\/uploads\\\/2026\\\/01\\\/Photos-DSC07672-2-Trailer-Loader-Photo-HDVL3.jpg\",\"link\":\"?page_id=2261\",\"title\":\"WILTSCHE TrailerLoader VL3\"}},{\"type\":\"grid_item\",\"props\":{\"content\":\"Schneller, sicherer, effizienter be- und entladen: Der mobile TrailerLoader ist wendig, vielseitig und passt zu allen Container- und LKW-Gr\\u00f6\\u00dfen.\",\"image\":\"wp-content\\\/uploads\\\/2026\\\/01\\\/VLP-VIEW-1.png\",\"link\":\"?page_id=3069\",\"title\":\"WILTSCHE Trailer Loader VLP \"}},{\"type\":\"grid_item\",\"props\":{\"content\":\"\n\n<p>Flexibler Teleskopf\\u00f6rderer f\\u00fcr Logistikzentren.\\nOptimiert den Materialfluss mit h\\u00f6herer Automatisierung, reduziert k\\u00f6rperliche Belastung und verbessert die Wirtschaftlichkeit.<\\\/p>\",\"image\":\"wp-content\\\/uploads\\\/2026\\\/01\\\/IMG_8217-1-scaled.jpeg\",\"link\":\"?page_id=2264\",\"title\":\"WILTSCHE CompactLoader\"}},{\"type\":\"grid_item\",\"props\":{\"content\":\"\n\n<p>Flexibler Teleskopf\\u00f6rderer f\\u00fcr Logistikzentren.\\nOptimiert den Materialfluss mit h\\u00f6herer Automatisierung, reduziert k\\u00f6rperliche Belastung und verbessert die Wirtschaftlichkeit.<\\\/p>\",\"hover_image\":\"wp-content\\\/uploads\\\/2025\\\/11\\\/destuffit-forrendering.jpg\",\"image\":\"wp-content\\\/uploads\\\/2025\\\/11\\\/destuffit-forrendering.jpg\",\"link\":\"?page_id=2266\",\"title\":\"WILTSCHE Destuff-it\"}},{\"type\":\"grid_item\",\"props\":{\"content\":\"\n\n<p>Ergonomische & effiziente Packl\\u00f6sungen.\\nOptimieren Sie Ihre Prozesse mit ma\\u00dfgeschneiderten Einzel- & Doppelpacktischen f\\u00fcr eine effiziente & fehlerfreie Arbeitsweise.<\\\/p>\",\"image\":\"wp-content\\\/uploads\\\/2025\\\/02\\\/Inpaktafel-met-dozenrek.jpg\",\"link\":\"?page_id=2268\",\"title\":\"WILTSCHE Packtischsysteme\"}}],\"name\":\"slider-produkte\"}]}]}]}],\"version\":\"4.5.31\"} --><\/p>\n","protected":false},"excerpt":{"rendered":"<p>Unsere Produkte im \u00dcberblick Entdecken Sie mobile und station\u00e4re F\u00f6rdersysteme f\u00fcr optimale Materialfl\u00fcsse in Logistik und Industrie WILTSCHE Angetriebene Scherenrollenbahn Motorisierte F\u00f6rderl\u00f6sung f\u00fcr maximale Effizienz. Mit stufenloser Geschwindigkeit (10\u201340 m\/min) &amp; Smart Optics Endabschaltung f\u00fcr einen automatisierten, schnellen Materialfluss. Produktdetails anzeigen WILTSCHE Gef\u00e4lle-Scherenrollenbahn F\u00fcr empfindliche &#038; unebene Packst\u00fccke. Dank Zwillings-Tragrollen sorgt sie f\u00fcr gleichm\u00e4\u00dfige Lastverteilung [&hellip;]<\/p>\n","protected":false},"author":1,"featured_media":0,"parent":0,"menu_order":0,"comment_status":"closed","ping_status":"closed","template":"","meta":{"_acf_changed":false,"footnotes":""},"class_list":["post-2103","page","type-page","status-publish","hentry"],"acf":[],"_links":{"self":[{"href":"https:\/\/wiltsche.de\/en\/wp-json\/wp\/v2\/pages\/2103","targetHints":{"allow":["GET"]}}],"collection":[{"href":"https:\/\/wiltsche.de\/en\/wp-json\/wp\/v2\/pages"}],"about":[{"href":"https:\/\/wiltsche.de\/en\/wp-json\/wp\/v2\/types\/page"}],"author":[{"embeddable":true,"href":"https:\/\/wiltsche.de\/en\/wp-json\/wp\/v2\/users\/1"}],"replies":[{"embeddable":true,"href":"https:\/\/wiltsche.de\/en\/wp-json\/wp\/v2\/comments?post=2103"}],"version-history":[{"count":25,"href":"https:\/\/wiltsche.de\/en\/wp-json\/wp\/v2\/pages\/2103\/revisions"}],"predecessor-version":[{"id":3371,"href":"https:\/\/wiltsche.de\/en\/wp-json\/wp\/v2\/pages\/2103\/revisions\/3371"}],"wp:attachment":[{"href":"https:\/\/wiltsche.de\/en\/wp-json\/wp\/v2\/media?parent=2103"}],"curies":[{"name":"wp","href":"https:\/\/api.w.org\/{rel}","templated":true}]}}